{"id":4689,"date":"2025-09-11T11:43:28","date_gmt":"2025-09-11T09:43:28","guid":{"rendered":"https:\/\/dibette.hu\/termek\/narancsos-marcipan-szaloncukor\/"},"modified":"2026-03-31T17:28:00","modified_gmt":"2026-03-31T15:28:00","slug":"orange-marzipan-filled-dark-chocolate-christmas-candy","status":"publish","type":"product","link":"https:\/\/dibette.hu\/en\/product\/orange-marzipan-filled-dark-chocolate-christmas-candy\/","title":{"rendered":"Orange marzipan-filled dark chocolate Christmas candy"},"content":{"rendered":"<p>Fedezd fel a Dibette NAS narancsos marcip\u00e1n \u00edzvil\u00e1g\u00e1t, amelyet pr\u00e9mium min\u0151s\u00e9g\u0171 \u00e9tcsokol\u00e1d\u00e9ba m\u00e1rtottunk a t\u00f6k\u00e9letes \u00edzharm\u00f3nia jegy\u00e9ben. Ez a 220 grammos szaloncukor hozz\u00e1adott cukor n\u00e9lk\u00fcl k\u00e9sz\u00fcl, \u00edgy ide\u00e1lis v\u00e1laszt\u00e1s mindazok sz\u00e1m\u00e1ra, akik cukormentes, de \u00edzletes desszertre v\u00e1gynak. A term\u00e9k lakt\u00f3zmentes, \u00edgy tej\u00e9rz\u00e9kenyek is b\u00e1tran fogyaszthatj\u00e1k. A narancs friss, gy\u00fcm\u00f6lcs\u00f6s jegyei \u00e9s a marcip\u00e1n \u00e9desk\u00e9s arom\u00e1ja t\u00f6k\u00e9letesen eg\u00e9sz\u00fcl ki a karakteres \u00e9tcsokol\u00e1d\u00e9val, amely eleg\u00e1ns \u00fcnnepi hangulatot var\u00e1zsol minden alkalomra. edd \u00fcnnepiv\u00e9 a pillanatot ezzel a k\u00fcl\u00f6nleges, cukormentes szaloncukorral!<br \/>\nA DIBETTE NARANCSOS MARCIP\u00c1N szaloncukor 220g nyerte el 2025-ben az \u00c9V HOZZ\u00c1ADOTT CUKOR N\u00c9LK\u00dcLI SZALONCUKRA d\u00edjat!<\/p>\n<\/div>\n<\/div>\n<div class=\"elementor-element elementor-element-9ab1870 elementor-widget elementor-widget-text-editor\" data-id=\"9ab1870\" data-element_type=\"widget\" data-widget_type=\"text-editor.default\">\n<div class=\"elementor-widget-container\"><\/div>\n<\/div>\n","protected":false},"excerpt":{"rendered":"<p>Dibette NAS orange marzipan confectioners&#8217; sugar dipped in dark chocolate, no added sugar, 220g, LACTOSE-FREE<\/p>\n","protected":false},"featured_media":4578,"comment_status":"closed","ping_status":"closed","template":"","meta":{"_acf_changed":false},"product_brand":[],"product_cat":[141],"product_tag":[387,377,393,384,410],"class_list":{"0":"post-4689","1":"product","2":"type-product","3":"status-publish","4":"has-post-thumbnail","6":"product_cat-christmas-candy","7":"product_tag-christmas","8":"product_tag-dark-chocolate","9":"product_tag-lactose-free","10":"product_tag-no-added-sugar","11":"product_tag-seasonal","13":"first","14":"instock","15":"product-type-simple"},"acf":[],"yoast_head":"<!-- This site is optimized with the Yoast SEO Premium plugin v27.3 (Yoast SEO v27.3) - https:\/\/yoast.com\/product\/yoast-seo-premium-wordpress\/ -->\n<title>dibette, NAS, narancsos, marcip\u00e1n, szaloncukor, \u00e9tcsokol\u00e1d\u00e9, lakt\u00f3zmentes, szezon<\/title>\n<meta name=\"description\" content=\"Discover the special taste of Dibette NAS orange marzipan saloncukor, coated in rich dark chocolate. This 220g treat is made with no added sugar, making it a health-conscious choice, and is lactose-free, perfect for those with dairy sensitivities.Ideal as a festive delight or an everyday snack, this confection combines the fresh citrus flavor of orange and the sweet taste of marzipan in perfect harmony with premium dark chocolate.Treat yourself or your loved ones to this special, health-conscious holiday indulgence!\" \/>\n<meta name=\"robots\" content=\"index, follow, max-snippet:-1, max-image-preview:large, max-video-preview:-1\" \/>\n<link rel=\"canonical\" href=\"https:\/\/dibette.hu\/en\/product\/orange-marzipan-filled-dark-chocolate-christmas-candy\/\" \/>\n<meta property=\"og:locale\" content=\"en_US\" \/>\n<meta property=\"og:type\" content=\"article\" \/>\n<meta property=\"og:title\" content=\"Orange marzipan-filled dark chocolate Christmas candy\" \/>\n<meta property=\"og:description\" content=\"Discover the special taste of Dibette NAS orange marzipan saloncukor, coated in rich dark chocolate. This 220g treat is made with no added sugar, making it a health-conscious choice, and is lactose-free, perfect for those with dairy sensitivities.Ideal as a festive delight or an everyday snack, this confection combines the fresh citrus flavor of orange and the sweet taste of marzipan in perfect harmony with premium dark chocolate.Treat yourself or your loved ones to this special, health-conscious holiday indulgence!\" \/>\n<meta property=\"og:url\" content=\"https:\/\/dibette.hu\/en\/product\/orange-marzipan-filled-dark-chocolate-christmas-candy\/\" \/>\n<meta property=\"og:site_name\" content=\"Dibette\" \/>\n<meta property=\"article:modified_time\" content=\"2026-03-31T15:28:00+00:00\" \/>\n<meta property=\"og:image\" content=\"https:\/\/dibette.hu\/wp-content\/uploads\/2025\/09\/Dib-NAS-marcipan-narancs-szaloncukor-lakt.-mentes-220g.png.jpg\" \/>\n\t<meta property=\"og:image:width\" content=\"600\" \/>\n\t<meta property=\"og:image:height\" content=\"600\" \/>\n\t<meta property=\"og:image:type\" content=\"image\/jpeg\" \/>\n<meta name=\"twitter:card\" content=\"summary_large_image\" \/>\n<meta name=\"twitter:label1\" content=\"Price\" \/>\n\t<meta name=\"twitter:data1\" content=\"\" \/>\n\t<meta name=\"twitter:label2\" content=\"Availability\" \/>\n\t<meta name=\"twitter:data2\" content=\"In stock\" \/>\n<script type=\"application\/ld+json\" class=\"yoast-schema-graph\">{\"@context\":\"https:\\\/\\\/schema.org\",\"@graph\":[{\"@type\":\"WebPage\",\"@id\":\"https:\\\/\\\/dibette.hu\\\/en\\\/product\\\/orange-marzipan-filled-dark-chocolate-christmas-candy\\\/\",\"url\":\"https:\\\/\\\/dibette.hu\\\/en\\\/product\\\/orange-marzipan-filled-dark-chocolate-christmas-candy\\\/\",\"name\":\"dibette, NAS, narancsos, marcip\u00e1n, szaloncukor, \u00e9tcsokol\u00e1d\u00e9, lakt\u00f3zmentes, szezon\",\"isPartOf\":{\"@id\":\"https:\\\/\\\/dibette.hu\\\/en\\\/#website\"},\"primaryImageOfPage\":{\"@id\":\"https:\\\/\\\/dibette.hu\\\/en\\\/product\\\/orange-marzipan-filled-dark-chocolate-christmas-candy\\\/#primaryimage\"},\"image\":{\"@id\":\"https:\\\/\\\/dibette.hu\\\/en\\\/product\\\/orange-marzipan-filled-dark-chocolate-christmas-candy\\\/#primaryimage\"},\"thumbnailUrl\":\"https:\\\/\\\/dibette.hu\\\/wp-content\\\/uploads\\\/2025\\\/09\\\/Dib-NAS-marcipan-narancs-szaloncukor-lakt.-mentes-220g.png.jpg\",\"datePublished\":\"2025-09-11T09:43:28+00:00\",\"dateModified\":\"2026-03-31T15:28:00+00:00\",\"description\":\"Discover the special taste of Dibette NAS orange marzipan saloncukor, coated in rich dark chocolate. This 220g treat is made with no added sugar, making it a health-conscious choice, and is lactose-free, perfect for those with dairy sensitivities.Ideal as a festive delight or an everyday snack, this confection combines the fresh citrus flavor of orange and the sweet taste of marzipan in perfect harmony with premium dark chocolate.Treat yourself or your loved ones to this special, health-conscious holiday indulgence!\",\"breadcrumb\":{\"@id\":\"https:\\\/\\\/dibette.hu\\\/en\\\/product\\\/orange-marzipan-filled-dark-chocolate-christmas-candy\\\/#breadcrumb\"},\"inLanguage\":\"en-US\",\"potentialAction\":[{\"@type\":\"ReadAction\",\"target\":[\"https:\\\/\\\/dibette.hu\\\/en\\\/product\\\/orange-marzipan-filled-dark-chocolate-christmas-candy\\\/\"]}]},{\"@type\":\"ImageObject\",\"inLanguage\":\"en-US\",\"@id\":\"https:\\\/\\\/dibette.hu\\\/en\\\/product\\\/orange-marzipan-filled-dark-chocolate-christmas-candy\\\/#primaryimage\",\"url\":\"https:\\\/\\\/dibette.hu\\\/wp-content\\\/uploads\\\/2025\\\/09\\\/Dib-NAS-marcipan-narancs-szaloncukor-lakt.-mentes-220g.png.jpg\",\"contentUrl\":\"https:\\\/\\\/dibette.hu\\\/wp-content\\\/uploads\\\/2025\\\/09\\\/Dib-NAS-marcipan-narancs-szaloncukor-lakt.-mentes-220g.png.jpg\",\"width\":600,\"height\":600},{\"@type\":\"BreadcrumbList\",\"@id\":\"https:\\\/\\\/dibette.hu\\\/en\\\/product\\\/orange-marzipan-filled-dark-chocolate-christmas-candy\\\/#breadcrumb\",\"itemListElement\":[{\"@type\":\"ListItem\",\"position\":1,\"name\":\"Kezd\u0151lap\",\"item\":\"https:\\\/\\\/dibette.hu\\\/en\\\/homepage\\\/\"},{\"@type\":\"ListItem\",\"position\":2,\"name\":\"Products\",\"item\":\"https:\\\/\\\/dibette.hu\\\/en\\\/shop\\\/\"},{\"@type\":\"ListItem\",\"position\":3,\"name\":\"Orange marzipan-filled dark chocolate Christmas candy\"}]},{\"@type\":\"WebSite\",\"@id\":\"https:\\\/\\\/dibette.hu\\\/en\\\/#website\",\"url\":\"https:\\\/\\\/dibette.hu\\\/en\\\/\",\"name\":\"Dibette\",\"description\":\"Mindenf\u00e9le mentess\u00e9gek\",\"publisher\":{\"@id\":\"https:\\\/\\\/dibette.hu\\\/en\\\/#organization\"},\"potentialAction\":[{\"@type\":\"SearchAction\",\"target\":{\"@type\":\"EntryPoint\",\"urlTemplate\":\"https:\\\/\\\/dibette.hu\\\/en\\\/?s={search_term_string}\"},\"query-input\":{\"@type\":\"PropertyValueSpecification\",\"valueRequired\":true,\"valueName\":\"search_term_string\"}}],\"inLanguage\":\"en-US\"},{\"@type\":\"Organization\",\"@id\":\"https:\\\/\\\/dibette.hu\\\/en\\\/#organization\",\"name\":\"Dibette\",\"url\":\"https:\\\/\\\/dibette.hu\\\/en\\\/\",\"logo\":{\"@type\":\"ImageObject\",\"inLanguage\":\"en-US\",\"@id\":\"https:\\\/\\\/dibette.hu\\\/en\\\/#\\\/schema\\\/logo\\\/image\\\/\",\"url\":\"https:\\\/\\\/dibette.hu\\\/wp-content\\\/uploads\\\/2023\\\/08\\\/logo-dibette-SVG.svg\",\"contentUrl\":\"https:\\\/\\\/dibette.hu\\\/wp-content\\\/uploads\\\/2023\\\/08\\\/logo-dibette-SVG.svg\",\"caption\":\"Dibette\"},\"image\":{\"@id\":\"https:\\\/\\\/dibette.hu\\\/en\\\/#\\\/schema\\\/logo\\\/image\\\/\"}}]}<\/script>\n<meta property=\"product:price:currency\" content=\"USD\" \/>\n<meta property=\"og:availability\" content=\"instock\" \/>\n<meta property=\"product:availability\" content=\"instock\" \/>\n<meta property=\"product:retailer_item_id\" content=\"kd1162540114511\" \/>\n<meta property=\"product:condition\" content=\"new\" \/>\n<!-- \/ Yoast SEO Premium plugin. -->","yoast_head_json":{"title":"dibette, NAS, narancsos, marcip\u00e1n, szaloncukor, \u00e9tcsokol\u00e1d\u00e9, lakt\u00f3zmentes, szezon","description":"Discover the special taste of Dibette NAS orange marzipan saloncukor, coated in rich dark chocolate. This 220g treat is made with no added sugar, making it a health-conscious choice, and is lactose-free, perfect for those with dairy sensitivities.Ideal as a festive delight or an everyday snack, this confection combines the fresh citrus flavor of orange and the sweet taste of marzipan in perfect harmony with premium dark chocolate.Treat yourself or your loved ones to this special, health-conscious holiday indulgence!","robots":{"index":"index","follow":"follow","max-snippet":"max-snippet:-1","max-image-preview":"max-image-preview:large","max-video-preview":"max-video-preview:-1"},"canonical":"https:\/\/dibette.hu\/en\/product\/orange-marzipan-filled-dark-chocolate-christmas-candy\/","og_locale":"en_US","og_type":"article","og_title":"Orange marzipan-filled dark chocolate Christmas candy","og_description":"Discover the special taste of Dibette NAS orange marzipan saloncukor, coated in rich dark chocolate. This 220g treat is made with no added sugar, making it a health-conscious choice, and is lactose-free, perfect for those with dairy sensitivities.Ideal as a festive delight or an everyday snack, this confection combines the fresh citrus flavor of orange and the sweet taste of marzipan in perfect harmony with premium dark chocolate.Treat yourself or your loved ones to this special, health-conscious holiday indulgence!","og_url":"https:\/\/dibette.hu\/en\/product\/orange-marzipan-filled-dark-chocolate-christmas-candy\/","og_site_name":"Dibette","article_modified_time":"2026-03-31T15:28:00+00:00","og_image":[{"width":600,"height":600,"url":"https:\/\/dibette.hu\/wp-content\/uploads\/2025\/09\/Dib-NAS-marcipan-narancs-szaloncukor-lakt.-mentes-220g.png.jpg","type":"image\/jpeg"}],"twitter_card":"summary_large_image","twitter_misc":{"Price":"","Availability":"In stock"},"schema":{"@context":"https:\/\/schema.org","@graph":[{"@type":"WebPage","@id":"https:\/\/dibette.hu\/en\/product\/orange-marzipan-filled-dark-chocolate-christmas-candy\/","url":"https:\/\/dibette.hu\/en\/product\/orange-marzipan-filled-dark-chocolate-christmas-candy\/","name":"dibette, NAS, narancsos, marcip\u00e1n, szaloncukor, \u00e9tcsokol\u00e1d\u00e9, lakt\u00f3zmentes, szezon","isPartOf":{"@id":"https:\/\/dibette.hu\/en\/#website"},"primaryImageOfPage":{"@id":"https:\/\/dibette.hu\/en\/product\/orange-marzipan-filled-dark-chocolate-christmas-candy\/#primaryimage"},"image":{"@id":"https:\/\/dibette.hu\/en\/product\/orange-marzipan-filled-dark-chocolate-christmas-candy\/#primaryimage"},"thumbnailUrl":"https:\/\/dibette.hu\/wp-content\/uploads\/2025\/09\/Dib-NAS-marcipan-narancs-szaloncukor-lakt.-mentes-220g.png.jpg","datePublished":"2025-09-11T09:43:28+00:00","dateModified":"2026-03-31T15:28:00+00:00","description":"Discover the special taste of Dibette NAS orange marzipan saloncukor, coated in rich dark chocolate. This 220g treat is made with no added sugar, making it a health-conscious choice, and is lactose-free, perfect for those with dairy sensitivities.Ideal as a festive delight or an everyday snack, this confection combines the fresh citrus flavor of orange and the sweet taste of marzipan in perfect harmony with premium dark chocolate.Treat yourself or your loved ones to this special, health-conscious holiday indulgence!","breadcrumb":{"@id":"https:\/\/dibette.hu\/en\/product\/orange-marzipan-filled-dark-chocolate-christmas-candy\/#breadcrumb"},"inLanguage":"en-US","potentialAction":[{"@type":"ReadAction","target":["https:\/\/dibette.hu\/en\/product\/orange-marzipan-filled-dark-chocolate-christmas-candy\/"]}]},{"@type":"ImageObject","inLanguage":"en-US","@id":"https:\/\/dibette.hu\/en\/product\/orange-marzipan-filled-dark-chocolate-christmas-candy\/#primaryimage","url":"https:\/\/dibette.hu\/wp-content\/uploads\/2025\/09\/Dib-NAS-marcipan-narancs-szaloncukor-lakt.-mentes-220g.png.jpg","contentUrl":"https:\/\/dibette.hu\/wp-content\/uploads\/2025\/09\/Dib-NAS-marcipan-narancs-szaloncukor-lakt.-mentes-220g.png.jpg","width":600,"height":600},{"@type":"BreadcrumbList","@id":"https:\/\/dibette.hu\/en\/product\/orange-marzipan-filled-dark-chocolate-christmas-candy\/#breadcrumb","itemListElement":[{"@type":"ListItem","position":1,"name":"Kezd\u0151lap","item":"https:\/\/dibette.hu\/en\/homepage\/"},{"@type":"ListItem","position":2,"name":"Products","item":"https:\/\/dibette.hu\/en\/shop\/"},{"@type":"ListItem","position":3,"name":"Orange marzipan-filled dark chocolate Christmas candy"}]},{"@type":"WebSite","@id":"https:\/\/dibette.hu\/en\/#website","url":"https:\/\/dibette.hu\/en\/","name":"Dibette","description":"Mindenf\u00e9le mentess\u00e9gek","publisher":{"@id":"https:\/\/dibette.hu\/en\/#organization"},"potentialAction":[{"@type":"SearchAction","target":{"@type":"EntryPoint","urlTemplate":"https:\/\/dibette.hu\/en\/?s={search_term_string}"},"query-input":{"@type":"PropertyValueSpecification","valueRequired":true,"valueName":"search_term_string"}}],"inLanguage":"en-US"},{"@type":"Organization","@id":"https:\/\/dibette.hu\/en\/#organization","name":"Dibette","url":"https:\/\/dibette.hu\/en\/","logo":{"@type":"ImageObject","inLanguage":"en-US","@id":"https:\/\/dibette.hu\/en\/#\/schema\/logo\/image\/","url":"https:\/\/dibette.hu\/wp-content\/uploads\/2023\/08\/logo-dibette-SVG.svg","contentUrl":"https:\/\/dibette.hu\/wp-content\/uploads\/2023\/08\/logo-dibette-SVG.svg","caption":"Dibette"},"image":{"@id":"https:\/\/dibette.hu\/en\/#\/schema\/logo\/image\/"}}]},"product_price_currency":"USD","og_availability":"instock","product_availability":"instock","product_retailer_item_id":"kd1162540114511","product_condition":"new"},"_links":{"self":[{"href":"https:\/\/dibette.hu\/en\/wp-json\/wp\/v2\/product\/4689","targetHints":{"allow":["GET"]}}],"collection":[{"href":"https:\/\/dibette.hu\/en\/wp-json\/wp\/v2\/product"}],"about":[{"href":"https:\/\/dibette.hu\/en\/wp-json\/wp\/v2\/types\/product"}],"replies":[{"embeddable":true,"href":"https:\/\/dibette.hu\/en\/wp-json\/wp\/v2\/comments?post=4689"}],"wp:featuredmedia":[{"embeddable":true,"href":"https:\/\/dibette.hu\/en\/wp-json\/wp\/v2\/media\/4578"}],"wp:attachment":[{"href":"https:\/\/dibette.hu\/en\/wp-json\/wp\/v2\/media?parent=4689"}],"wp:term":[{"taxonomy":"product_brand","embeddable":true,"href":"https:\/\/dibette.hu\/en\/wp-json\/wp\/v2\/product_brand?post=4689"},{"taxonomy":"product_cat","embeddable":true,"href":"https:\/\/dibette.hu\/en\/wp-json\/wp\/v2\/product_cat?post=4689"},{"taxonomy":"product_tag","embeddable":true,"href":"https:\/\/dibette.hu\/en\/wp-json\/wp\/v2\/product_tag?post=4689"}],"curies":[{"name":"wp","href":"https:\/\/api.w.org\/{rel}","templated":true}]}}