{"id":4683,"date":"2025-09-11T11:43:28","date_gmt":"2025-09-11T09:43:28","guid":{"rendered":"https:\/\/dibette.hu\/termek\/konyakmeggyes-truffelkremes-szaloncukor\/"},"modified":"2026-03-31T17:28:02","modified_gmt":"2026-03-31T15:28:02","slug":"brandy-and-sour-cherry-truffle-filled-christmas-candy","status":"publish","type":"product","link":"https:\/\/dibette.hu\/en\/product\/brandy-and-sour-cherry-truffle-filled-christmas-candy\/","title":{"rendered":"Brandy and sour cherry truffle-filled Christmas candy"},"content":{"rendered":"<p>An elegant and refined holiday treat combining the bold flavor of brandy-infused sour cherries with a smooth, velvety truffle cream. Wrapped in premium chocolate, this festive bonbon reveals a rich, fruity, and delicately boozy filling that brings a touch of sophistication to your holiday sweets. Perfect for those who appreciate classic flavors in a modern, luxurious form.<\/p>\n","protected":false},"excerpt":{"rendered":"<p>DIBETTE NAS Konyakmeggyes tr\u00fcffelkr\u00e9mmel t\u00f6lt\u00f6tt \u00e9tcsokol\u00e1d\u00e9 desszert szaloncukor, hozz\u00e1adott cukor n\u00e9lk\u00fcl, \u00e9des\u00edt\u0151szerekkel 220g LAKT\u00d3ZMENTES<\/p>\n","protected":false},"featured_media":4582,"comment_status":"closed","ping_status":"closed","template":"","meta":{"_acf_changed":false},"product_brand":[],"product_cat":[141],"product_tag":[391,387,377,415,384,410,416,428],"class_list":{"0":"post-4683","1":"product","2":"type-product","3":"status-publish","4":"has-post-thumbnail","6":"product_cat-christmas-candy","7":"product_tag-brandy-cherry","8":"product_tag-christmas","9":"product_tag-dark-chocolate","10":"product_tag-filled","11":"product_tag-no-added-sugar","12":"product_tag-seasonal","13":"product_tag-truffle-flavored","14":"product_tag-with-sweetener","16":"first","17":"instock","18":"product-type-simple"},"acf":[],"yoast_head":"<!-- This site is optimized with the Yoast SEO Premium plugin v27.3 (Yoast SEO v27.3) - https:\/\/yoast.com\/product\/yoast-seo-premium-wordpress\/ -->\n<title>Christmas candy, brandy cherry truffle Christmas candy, cherry truffle filled chocolate, dark chocolate Christmas candy, sugar-free holiday chocolate, no added sugar chocolate candy, sweetened with sweeteners, Dibette Christmas candy, cherry dark chocolate truffle, festive chocolate treat, healthy Christmas dessert, sugar-free cherry truffle, Hungarian Christmas candy<\/title>\n<meta name=\"description\" content=\"Discover the premium DIBETTE NAS dark chocolate dessert pralines, filled with cognac sour cherry truffle cream, made without added sugar, using sweeteners instead. This 220g sugar-free specialty is the perfect choice for those who want to enjoy festive treats while maintaining a healthier lifestyle. Rich in flavor and elegantly packaged \u2013 ideal as a gift or for indulgent moments.\" \/>\n<meta name=\"robots\" content=\"index, follow, max-snippet:-1, max-image-preview:large, max-video-preview:-1\" \/>\n<link rel=\"canonical\" href=\"https:\/\/dibette.hu\/en\/product\/brandy-and-sour-cherry-truffle-filled-christmas-candy\/\" \/>\n<meta property=\"og:locale\" content=\"en_US\" \/>\n<meta property=\"og:type\" content=\"article\" \/>\n<meta property=\"og:title\" content=\"Brandy and sour cherry truffle-filled Christmas candy\" \/>\n<meta property=\"og:description\" content=\"Discover the premium DIBETTE NAS dark chocolate dessert pralines, filled with cognac sour cherry truffle cream, made without added sugar, using sweeteners instead. This 220g sugar-free specialty is the perfect choice for those who want to enjoy festive treats while maintaining a healthier lifestyle. Rich in flavor and elegantly packaged \u2013 ideal as a gift or for indulgent moments.\" \/>\n<meta property=\"og:url\" content=\"https:\/\/dibette.hu\/en\/product\/brandy-and-sour-cherry-truffle-filled-christmas-candy\/\" \/>\n<meta property=\"og:site_name\" content=\"Dibette\" \/>\n<meta property=\"article:modified_time\" content=\"2026-03-31T15:28:02+00:00\" \/>\n<meta property=\"og:image\" content=\"https:\/\/dibette.hu\/wp-content\/uploads\/2025\/09\/Dib-NAS-truffel-lakt.-mentes-szaloncukor-220g.png.jpg\" \/>\n\t<meta property=\"og:image:width\" content=\"600\" \/>\n\t<meta property=\"og:image:height\" content=\"600\" \/>\n\t<meta property=\"og:image:type\" content=\"image\/jpeg\" \/>\n<meta name=\"twitter:card\" content=\"summary_large_image\" \/>\n<meta name=\"twitter:label1\" content=\"Price\" \/>\n\t<meta name=\"twitter:data1\" content=\"\" \/>\n\t<meta name=\"twitter:label2\" content=\"Availability\" \/>\n\t<meta name=\"twitter:data2\" content=\"In stock\" \/>\n<script type=\"application\/ld+json\" class=\"yoast-schema-graph\">{\"@context\":\"https:\\\/\\\/schema.org\",\"@graph\":[{\"@type\":\"WebPage\",\"@id\":\"https:\\\/\\\/dibette.hu\\\/en\\\/product\\\/brandy-and-sour-cherry-truffle-filled-christmas-candy\\\/\",\"url\":\"https:\\\/\\\/dibette.hu\\\/en\\\/product\\\/brandy-and-sour-cherry-truffle-filled-christmas-candy\\\/\",\"name\":\"Christmas candy, brandy cherry truffle Christmas candy, cherry truffle filled chocolate, dark chocolate Christmas candy, sugar-free holiday chocolate, no added sugar chocolate candy, sweetened with sweeteners, Dibette Christmas candy, cherry dark chocolate truffle, festive chocolate treat, healthy Christmas dessert, sugar-free cherry truffle, Hungarian Christmas candy\",\"isPartOf\":{\"@id\":\"https:\\\/\\\/dibette.hu\\\/en\\\/#website\"},\"primaryImageOfPage\":{\"@id\":\"https:\\\/\\\/dibette.hu\\\/en\\\/product\\\/brandy-and-sour-cherry-truffle-filled-christmas-candy\\\/#primaryimage\"},\"image\":{\"@id\":\"https:\\\/\\\/dibette.hu\\\/en\\\/product\\\/brandy-and-sour-cherry-truffle-filled-christmas-candy\\\/#primaryimage\"},\"thumbnailUrl\":\"https:\\\/\\\/dibette.hu\\\/wp-content\\\/uploads\\\/2025\\\/09\\\/Dib-NAS-truffel-lakt.-mentes-szaloncukor-220g.png.jpg\",\"datePublished\":\"2025-09-11T09:43:28+00:00\",\"dateModified\":\"2026-03-31T15:28:02+00:00\",\"description\":\"Discover the premium DIBETTE NAS dark chocolate dessert pralines, filled with cognac sour cherry truffle cream, made without added sugar, using sweeteners instead. This 220g sugar-free specialty is the perfect choice for those who want to enjoy festive treats while maintaining a healthier lifestyle. Rich in flavor and elegantly packaged \u2013 ideal as a gift or for indulgent moments.\",\"breadcrumb\":{\"@id\":\"https:\\\/\\\/dibette.hu\\\/en\\\/product\\\/brandy-and-sour-cherry-truffle-filled-christmas-candy\\\/#breadcrumb\"},\"inLanguage\":\"en-US\",\"potentialAction\":[{\"@type\":\"ReadAction\",\"target\":[\"https:\\\/\\\/dibette.hu\\\/en\\\/product\\\/brandy-and-sour-cherry-truffle-filled-christmas-candy\\\/\"]}]},{\"@type\":\"ImageObject\",\"inLanguage\":\"en-US\",\"@id\":\"https:\\\/\\\/dibette.hu\\\/en\\\/product\\\/brandy-and-sour-cherry-truffle-filled-christmas-candy\\\/#primaryimage\",\"url\":\"https:\\\/\\\/dibette.hu\\\/wp-content\\\/uploads\\\/2025\\\/09\\\/Dib-NAS-truffel-lakt.-mentes-szaloncukor-220g.png.jpg\",\"contentUrl\":\"https:\\\/\\\/dibette.hu\\\/wp-content\\\/uploads\\\/2025\\\/09\\\/Dib-NAS-truffel-lakt.-mentes-szaloncukor-220g.png.jpg\",\"width\":600,\"height\":600},{\"@type\":\"BreadcrumbList\",\"@id\":\"https:\\\/\\\/dibette.hu\\\/en\\\/product\\\/brandy-and-sour-cherry-truffle-filled-christmas-candy\\\/#breadcrumb\",\"itemListElement\":[{\"@type\":\"ListItem\",\"position\":1,\"name\":\"Kezd\u0151lap\",\"item\":\"https:\\\/\\\/dibette.hu\\\/en\\\/homepage\\\/\"},{\"@type\":\"ListItem\",\"position\":2,\"name\":\"Products\",\"item\":\"https:\\\/\\\/dibette.hu\\\/en\\\/shop\\\/\"},{\"@type\":\"ListItem\",\"position\":3,\"name\":\"Brandy and sour cherry truffle-filled Christmas candy\"}]},{\"@type\":\"WebSite\",\"@id\":\"https:\\\/\\\/dibette.hu\\\/en\\\/#website\",\"url\":\"https:\\\/\\\/dibette.hu\\\/en\\\/\",\"name\":\"Dibette\",\"description\":\"Mindenf\u00e9le mentess\u00e9gek\",\"publisher\":{\"@id\":\"https:\\\/\\\/dibette.hu\\\/en\\\/#organization\"},\"potentialAction\":[{\"@type\":\"SearchAction\",\"target\":{\"@type\":\"EntryPoint\",\"urlTemplate\":\"https:\\\/\\\/dibette.hu\\\/en\\\/?s={search_term_string}\"},\"query-input\":{\"@type\":\"PropertyValueSpecification\",\"valueRequired\":true,\"valueName\":\"search_term_string\"}}],\"inLanguage\":\"en-US\"},{\"@type\":\"Organization\",\"@id\":\"https:\\\/\\\/dibette.hu\\\/en\\\/#organization\",\"name\":\"Dibette\",\"url\":\"https:\\\/\\\/dibette.hu\\\/en\\\/\",\"logo\":{\"@type\":\"ImageObject\",\"inLanguage\":\"en-US\",\"@id\":\"https:\\\/\\\/dibette.hu\\\/en\\\/#\\\/schema\\\/logo\\\/image\\\/\",\"url\":\"https:\\\/\\\/dibette.hu\\\/wp-content\\\/uploads\\\/2023\\\/08\\\/logo-dibette-SVG.svg\",\"contentUrl\":\"https:\\\/\\\/dibette.hu\\\/wp-content\\\/uploads\\\/2023\\\/08\\\/logo-dibette-SVG.svg\",\"caption\":\"Dibette\"},\"image\":{\"@id\":\"https:\\\/\\\/dibette.hu\\\/en\\\/#\\\/schema\\\/logo\\\/image\\\/\"}}]}<\/script>\n<meta property=\"product:price:currency\" content=\"USD\" \/>\n<meta property=\"og:availability\" content=\"instock\" \/>\n<meta property=\"product:availability\" content=\"instock\" \/>\n<meta property=\"product:retailer_item_id\" content=\"kd1162540116011\" \/>\n<meta property=\"product:condition\" content=\"new\" \/>\n<!-- \/ Yoast SEO Premium plugin. -->","yoast_head_json":{"title":"Christmas candy, brandy cherry truffle Christmas candy, cherry truffle filled chocolate, dark chocolate Christmas candy, sugar-free holiday chocolate, no added sugar chocolate candy, sweetened with sweeteners, Dibette Christmas candy, cherry dark chocolate truffle, festive chocolate treat, healthy Christmas dessert, sugar-free cherry truffle, Hungarian Christmas candy","description":"Discover the premium DIBETTE NAS dark chocolate dessert pralines, filled with cognac sour cherry truffle cream, made without added sugar, using sweeteners instead. This 220g sugar-free specialty is the perfect choice for those who want to enjoy festive treats while maintaining a healthier lifestyle. Rich in flavor and elegantly packaged \u2013 ideal as a gift or for indulgent moments.","robots":{"index":"index","follow":"follow","max-snippet":"max-snippet:-1","max-image-preview":"max-image-preview:large","max-video-preview":"max-video-preview:-1"},"canonical":"https:\/\/dibette.hu\/en\/product\/brandy-and-sour-cherry-truffle-filled-christmas-candy\/","og_locale":"en_US","og_type":"article","og_title":"Brandy and sour cherry truffle-filled Christmas candy","og_description":"Discover the premium DIBETTE NAS dark chocolate dessert pralines, filled with cognac sour cherry truffle cream, made without added sugar, using sweeteners instead. This 220g sugar-free specialty is the perfect choice for those who want to enjoy festive treats while maintaining a healthier lifestyle. Rich in flavor and elegantly packaged \u2013 ideal as a gift or for indulgent moments.","og_url":"https:\/\/dibette.hu\/en\/product\/brandy-and-sour-cherry-truffle-filled-christmas-candy\/","og_site_name":"Dibette","article_modified_time":"2026-03-31T15:28:02+00:00","og_image":[{"width":600,"height":600,"url":"https:\/\/dibette.hu\/wp-content\/uploads\/2025\/09\/Dib-NAS-truffel-lakt.-mentes-szaloncukor-220g.png.jpg","type":"image\/jpeg"}],"twitter_card":"summary_large_image","twitter_misc":{"Price":"","Availability":"In stock"},"schema":{"@context":"https:\/\/schema.org","@graph":[{"@type":"WebPage","@id":"https:\/\/dibette.hu\/en\/product\/brandy-and-sour-cherry-truffle-filled-christmas-candy\/","url":"https:\/\/dibette.hu\/en\/product\/brandy-and-sour-cherry-truffle-filled-christmas-candy\/","name":"Christmas candy, brandy cherry truffle Christmas candy, cherry truffle filled chocolate, dark chocolate Christmas candy, sugar-free holiday chocolate, no added sugar chocolate candy, sweetened with sweeteners, Dibette Christmas candy, cherry dark chocolate truffle, festive chocolate treat, healthy Christmas dessert, sugar-free cherry truffle, Hungarian Christmas candy","isPartOf":{"@id":"https:\/\/dibette.hu\/en\/#website"},"primaryImageOfPage":{"@id":"https:\/\/dibette.hu\/en\/product\/brandy-and-sour-cherry-truffle-filled-christmas-candy\/#primaryimage"},"image":{"@id":"https:\/\/dibette.hu\/en\/product\/brandy-and-sour-cherry-truffle-filled-christmas-candy\/#primaryimage"},"thumbnailUrl":"https:\/\/dibette.hu\/wp-content\/uploads\/2025\/09\/Dib-NAS-truffel-lakt.-mentes-szaloncukor-220g.png.jpg","datePublished":"2025-09-11T09:43:28+00:00","dateModified":"2026-03-31T15:28:02+00:00","description":"Discover the premium DIBETTE NAS dark chocolate dessert pralines, filled with cognac sour cherry truffle cream, made without added sugar, using sweeteners instead. This 220g sugar-free specialty is the perfect choice for those who want to enjoy festive treats while maintaining a healthier lifestyle. Rich in flavor and elegantly packaged \u2013 ideal as a gift or for indulgent moments.","breadcrumb":{"@id":"https:\/\/dibette.hu\/en\/product\/brandy-and-sour-cherry-truffle-filled-christmas-candy\/#breadcrumb"},"inLanguage":"en-US","potentialAction":[{"@type":"ReadAction","target":["https:\/\/dibette.hu\/en\/product\/brandy-and-sour-cherry-truffle-filled-christmas-candy\/"]}]},{"@type":"ImageObject","inLanguage":"en-US","@id":"https:\/\/dibette.hu\/en\/product\/brandy-and-sour-cherry-truffle-filled-christmas-candy\/#primaryimage","url":"https:\/\/dibette.hu\/wp-content\/uploads\/2025\/09\/Dib-NAS-truffel-lakt.-mentes-szaloncukor-220g.png.jpg","contentUrl":"https:\/\/dibette.hu\/wp-content\/uploads\/2025\/09\/Dib-NAS-truffel-lakt.-mentes-szaloncukor-220g.png.jpg","width":600,"height":600},{"@type":"BreadcrumbList","@id":"https:\/\/dibette.hu\/en\/product\/brandy-and-sour-cherry-truffle-filled-christmas-candy\/#breadcrumb","itemListElement":[{"@type":"ListItem","position":1,"name":"Kezd\u0151lap","item":"https:\/\/dibette.hu\/en\/homepage\/"},{"@type":"ListItem","position":2,"name":"Products","item":"https:\/\/dibette.hu\/en\/shop\/"},{"@type":"ListItem","position":3,"name":"Brandy and sour cherry truffle-filled Christmas candy"}]},{"@type":"WebSite","@id":"https:\/\/dibette.hu\/en\/#website","url":"https:\/\/dibette.hu\/en\/","name":"Dibette","description":"Mindenf\u00e9le mentess\u00e9gek","publisher":{"@id":"https:\/\/dibette.hu\/en\/#organization"},"potentialAction":[{"@type":"SearchAction","target":{"@type":"EntryPoint","urlTemplate":"https:\/\/dibette.hu\/en\/?s={search_term_string}"},"query-input":{"@type":"PropertyValueSpecification","valueRequired":true,"valueName":"search_term_string"}}],"inLanguage":"en-US"},{"@type":"Organization","@id":"https:\/\/dibette.hu\/en\/#organization","name":"Dibette","url":"https:\/\/dibette.hu\/en\/","logo":{"@type":"ImageObject","inLanguage":"en-US","@id":"https:\/\/dibette.hu\/en\/#\/schema\/logo\/image\/","url":"https:\/\/dibette.hu\/wp-content\/uploads\/2023\/08\/logo-dibette-SVG.svg","contentUrl":"https:\/\/dibette.hu\/wp-content\/uploads\/2023\/08\/logo-dibette-SVG.svg","caption":"Dibette"},"image":{"@id":"https:\/\/dibette.hu\/en\/#\/schema\/logo\/image\/"}}]},"product_price_currency":"USD","og_availability":"instock","product_availability":"instock","product_retailer_item_id":"kd1162540116011","product_condition":"new"},"_links":{"self":[{"href":"https:\/\/dibette.hu\/en\/wp-json\/wp\/v2\/product\/4683","targetHints":{"allow":["GET"]}}],"collection":[{"href":"https:\/\/dibette.hu\/en\/wp-json\/wp\/v2\/product"}],"about":[{"href":"https:\/\/dibette.hu\/en\/wp-json\/wp\/v2\/types\/product"}],"replies":[{"embeddable":true,"href":"https:\/\/dibette.hu\/en\/wp-json\/wp\/v2\/comments?post=4683"}],"wp:featuredmedia":[{"embeddable":true,"href":"https:\/\/dibette.hu\/en\/wp-json\/wp\/v2\/media\/4582"}],"wp:attachment":[{"href":"https:\/\/dibette.hu\/en\/wp-json\/wp\/v2\/media?parent=4683"}],"wp:term":[{"taxonomy":"product_brand","embeddable":true,"href":"https:\/\/dibette.hu\/en\/wp-json\/wp\/v2\/product_brand?post=4683"},{"taxonomy":"product_cat","embeddable":true,"href":"https:\/\/dibette.hu\/en\/wp-json\/wp\/v2\/product_cat?post=4683"},{"taxonomy":"product_tag","embeddable":true,"href":"https:\/\/dibette.hu\/en\/wp-json\/wp\/v2\/product_tag?post=4683"}],"curies":[{"name":"wp","href":"https:\/\/api.w.org\/{rel}","templated":true}]}}