{"id":3886,"date":"2025-09-11T10:56:07","date_gmt":"2025-09-11T08:56:07","guid":{"rendered":"https:\/\/dibette.hu\/termek\/rabbit-figure-milk-chocolate\/"},"modified":"2026-03-31T17:27:48","modified_gmt":"2026-03-31T15:27:48","slug":"rabbit-figure-milk-chocolate","status":"publish","type":"product","link":"https:\/\/dibette.hu\/en\/product\/rabbit-figure-milk-chocolate\/","title":{"rendered":"Rabbit figure milk chocolate"},"content":{"rendered":"<p>NAS Easter Bunny Figure Milk Chocolate is a special Easter gift that will charm everyone. This 25g milk chocolate is made without added sugar and uses Erythritol as a healthy sweetener. Surprise your loved ones with this exceptional milk chocolate during the Easter celebration, and share the festive atmosphere and happiness with them!<\/p>\n","protected":false},"excerpt":{"rendered":"<p>NAS rabbit No Added Sugar milk chocolate with Erythritol figure 25g<\/p>\n","protected":false},"featured_media":3718,"comment_status":"closed","ping_status":"closed","template":"","meta":{"_acf_changed":false},"product_brand":[],"product_cat":[120],"product_tag":[403,385,413,384,410],"class_list":{"0":"post-3886","1":"product","2":"type-product","3":"status-publish","4":"has-post-thumbnail","6":"product_cat-chocolate-figura","7":"product_tag-bunny","8":"product_tag-easter","9":"product_tag-milk-chocolate","10":"product_tag-no-added-sugar","11":"product_tag-seasonal","13":"first","14":"instock","15":"product-type-simple"},"acf":[],"yoast_head":"<!-- This site is optimized with the Yoast SEO Premium plugin v27.3 (Yoast SEO v27.3) - https:\/\/yoast.com\/product\/yoast-seo-premium-wordpress\/ -->\n<title>NAS rabbit milk chocolate without added sugar 25g<\/title>\n<meta name=\"description\" content=\"Surprise your loved ones during Easter with NAS Easter Bunny Figure Milk Chocolate 25g, made without added sugar and sweetened with Erythritol!\" \/>\n<meta name=\"robots\" content=\"index, follow, max-snippet:-1, max-image-preview:large, max-video-preview:-1\" \/>\n<link rel=\"canonical\" href=\"https:\/\/dibette.hu\/en\/product\/rabbit-figure-milk-chocolate\/\" \/>\n<meta property=\"og:locale\" content=\"en_US\" \/>\n<meta property=\"og:type\" content=\"article\" \/>\n<meta property=\"og:title\" content=\"Rabbit figure milk chocolate\" \/>\n<meta property=\"og:description\" content=\"Surprise your loved ones during Easter with NAS Easter Bunny Figure Milk Chocolate 25g, made without added sugar and sweetened with Erythritol!\" \/>\n<meta property=\"og:url\" content=\"https:\/\/dibette.hu\/en\/product\/rabbit-figure-milk-chocolate\/\" \/>\n<meta property=\"og:site_name\" content=\"Dibette\" \/>\n<meta property=\"article:modified_time\" content=\"2026-03-31T15:27:48+00:00\" \/>\n<meta property=\"og:image\" content=\"https:\/\/dibette.hu\/wp-content\/uploads\/2023\/11\/Di-NAS_nyul_tejcsokolade_hozzaadott_cukor_nelkul_25g.png\" \/>\n\t<meta property=\"og:image:width\" content=\"600\" \/>\n\t<meta property=\"og:image:height\" content=\"600\" \/>\n\t<meta property=\"og:image:type\" content=\"image\/png\" \/>\n<meta name=\"twitter:card\" content=\"summary_large_image\" \/>\n<meta name=\"twitter:label1\" content=\"Price\" \/>\n\t<meta name=\"twitter:data1\" content=\"\" \/>\n\t<meta name=\"twitter:label2\" content=\"Availability\" \/>\n\t<meta name=\"twitter:data2\" content=\"In stock\" \/>\n<script type=\"application\/ld+json\" class=\"yoast-schema-graph\">{\"@context\":\"https:\\\/\\\/schema.org\",\"@graph\":[{\"@type\":\"WebPage\",\"@id\":\"https:\\\/\\\/dibette.hu\\\/en\\\/product\\\/rabbit-figure-milk-chocolate\\\/\",\"url\":\"https:\\\/\\\/dibette.hu\\\/en\\\/product\\\/rabbit-figure-milk-chocolate\\\/\",\"name\":\"NAS rabbit milk chocolate without added sugar 25g\",\"isPartOf\":{\"@id\":\"https:\\\/\\\/dibette.hu\\\/en\\\/#website\"},\"primaryImageOfPage\":{\"@id\":\"https:\\\/\\\/dibette.hu\\\/en\\\/product\\\/rabbit-figure-milk-chocolate\\\/#primaryimage\"},\"image\":{\"@id\":\"https:\\\/\\\/dibette.hu\\\/en\\\/product\\\/rabbit-figure-milk-chocolate\\\/#primaryimage\"},\"thumbnailUrl\":\"https:\\\/\\\/dibette.hu\\\/wp-content\\\/uploads\\\/2023\\\/11\\\/Di-NAS_nyul_tejcsokolade_hozzaadott_cukor_nelkul_25g.png\",\"datePublished\":\"2025-09-11T08:56:07+00:00\",\"dateModified\":\"2026-03-31T15:27:48+00:00\",\"description\":\"Surprise your loved ones during Easter with NAS Easter Bunny Figure Milk Chocolate 25g, made without added sugar and sweetened with Erythritol!\",\"breadcrumb\":{\"@id\":\"https:\\\/\\\/dibette.hu\\\/en\\\/product\\\/rabbit-figure-milk-chocolate\\\/#breadcrumb\"},\"inLanguage\":\"en-US\",\"potentialAction\":[{\"@type\":\"ReadAction\",\"target\":[\"https:\\\/\\\/dibette.hu\\\/en\\\/product\\\/rabbit-figure-milk-chocolate\\\/\"]}]},{\"@type\":\"ImageObject\",\"inLanguage\":\"en-US\",\"@id\":\"https:\\\/\\\/dibette.hu\\\/en\\\/product\\\/rabbit-figure-milk-chocolate\\\/#primaryimage\",\"url\":\"https:\\\/\\\/dibette.hu\\\/wp-content\\\/uploads\\\/2023\\\/11\\\/Di-NAS_nyul_tejcsokolade_hozzaadott_cukor_nelkul_25g.png\",\"contentUrl\":\"https:\\\/\\\/dibette.hu\\\/wp-content\\\/uploads\\\/2023\\\/11\\\/Di-NAS_nyul_tejcsokolade_hozzaadott_cukor_nelkul_25g.png\",\"width\":600,\"height\":600,\"caption\":\"NAS ny\u00fal tejcsokol\u00e1d\u00e9 hozz\u00e1adott cukor n\u00e9lk\u00fcl\"},{\"@type\":\"BreadcrumbList\",\"@id\":\"https:\\\/\\\/dibette.hu\\\/en\\\/product\\\/rabbit-figure-milk-chocolate\\\/#breadcrumb\",\"itemListElement\":[{\"@type\":\"ListItem\",\"position\":1,\"name\":\"Kezd\u0151lap\",\"item\":\"https:\\\/\\\/dibette.hu\\\/en\\\/homepage\\\/\"},{\"@type\":\"ListItem\",\"position\":2,\"name\":\"Products\",\"item\":\"https:\\\/\\\/dibette.hu\\\/en\\\/shop\\\/\"},{\"@type\":\"ListItem\",\"position\":3,\"name\":\"Rabbit figure milk chocolate\"}]},{\"@type\":\"WebSite\",\"@id\":\"https:\\\/\\\/dibette.hu\\\/en\\\/#website\",\"url\":\"https:\\\/\\\/dibette.hu\\\/en\\\/\",\"name\":\"Dibette\",\"description\":\"Mindenf\u00e9le mentess\u00e9gek\",\"publisher\":{\"@id\":\"https:\\\/\\\/dibette.hu\\\/en\\\/#organization\"},\"potentialAction\":[{\"@type\":\"SearchAction\",\"target\":{\"@type\":\"EntryPoint\",\"urlTemplate\":\"https:\\\/\\\/dibette.hu\\\/en\\\/?s={search_term_string}\"},\"query-input\":{\"@type\":\"PropertyValueSpecification\",\"valueRequired\":true,\"valueName\":\"search_term_string\"}}],\"inLanguage\":\"en-US\"},{\"@type\":\"Organization\",\"@id\":\"https:\\\/\\\/dibette.hu\\\/en\\\/#organization\",\"name\":\"Dibette\",\"url\":\"https:\\\/\\\/dibette.hu\\\/en\\\/\",\"logo\":{\"@type\":\"ImageObject\",\"inLanguage\":\"en-US\",\"@id\":\"https:\\\/\\\/dibette.hu\\\/en\\\/#\\\/schema\\\/logo\\\/image\\\/\",\"url\":\"https:\\\/\\\/dibette.hu\\\/wp-content\\\/uploads\\\/2023\\\/08\\\/logo-dibette-SVG.svg\",\"contentUrl\":\"https:\\\/\\\/dibette.hu\\\/wp-content\\\/uploads\\\/2023\\\/08\\\/logo-dibette-SVG.svg\",\"caption\":\"Dibette\"},\"image\":{\"@id\":\"https:\\\/\\\/dibette.hu\\\/en\\\/#\\\/schema\\\/logo\\\/image\\\/\"}}]}<\/script>\n<meta property=\"product:price:currency\" content=\"USD\" \/>\n<meta property=\"og:availability\" content=\"instock\" \/>\n<meta property=\"product:availability\" content=\"instock\" \/>\n<meta property=\"product:retailer_item_id\" content=\"kc2132284259611\" \/>\n<meta property=\"product:condition\" content=\"new\" \/>\n<!-- \/ Yoast SEO Premium plugin. -->","yoast_head_json":{"title":"NAS rabbit milk chocolate without added sugar 25g","description":"Surprise your loved ones during Easter with NAS Easter Bunny Figure Milk Chocolate 25g, made without added sugar and sweetened with Erythritol!","robots":{"index":"index","follow":"follow","max-snippet":"max-snippet:-1","max-image-preview":"max-image-preview:large","max-video-preview":"max-video-preview:-1"},"canonical":"https:\/\/dibette.hu\/en\/product\/rabbit-figure-milk-chocolate\/","og_locale":"en_US","og_type":"article","og_title":"Rabbit figure milk chocolate","og_description":"Surprise your loved ones during Easter with NAS Easter Bunny Figure Milk Chocolate 25g, made without added sugar and sweetened with Erythritol!","og_url":"https:\/\/dibette.hu\/en\/product\/rabbit-figure-milk-chocolate\/","og_site_name":"Dibette","article_modified_time":"2026-03-31T15:27:48+00:00","og_image":[{"width":600,"height":600,"url":"https:\/\/dibette.hu\/wp-content\/uploads\/2023\/11\/Di-NAS_nyul_tejcsokolade_hozzaadott_cukor_nelkul_25g.png","type":"image\/png"}],"twitter_card":"summary_large_image","twitter_misc":{"Price":"","Availability":"In stock"},"schema":{"@context":"https:\/\/schema.org","@graph":[{"@type":"WebPage","@id":"https:\/\/dibette.hu\/en\/product\/rabbit-figure-milk-chocolate\/","url":"https:\/\/dibette.hu\/en\/product\/rabbit-figure-milk-chocolate\/","name":"NAS rabbit milk chocolate without added sugar 25g","isPartOf":{"@id":"https:\/\/dibette.hu\/en\/#website"},"primaryImageOfPage":{"@id":"https:\/\/dibette.hu\/en\/product\/rabbit-figure-milk-chocolate\/#primaryimage"},"image":{"@id":"https:\/\/dibette.hu\/en\/product\/rabbit-figure-milk-chocolate\/#primaryimage"},"thumbnailUrl":"https:\/\/dibette.hu\/wp-content\/uploads\/2023\/11\/Di-NAS_nyul_tejcsokolade_hozzaadott_cukor_nelkul_25g.png","datePublished":"2025-09-11T08:56:07+00:00","dateModified":"2026-03-31T15:27:48+00:00","description":"Surprise your loved ones during Easter with NAS Easter Bunny Figure Milk Chocolate 25g, made without added sugar and sweetened with Erythritol!","breadcrumb":{"@id":"https:\/\/dibette.hu\/en\/product\/rabbit-figure-milk-chocolate\/#breadcrumb"},"inLanguage":"en-US","potentialAction":[{"@type":"ReadAction","target":["https:\/\/dibette.hu\/en\/product\/rabbit-figure-milk-chocolate\/"]}]},{"@type":"ImageObject","inLanguage":"en-US","@id":"https:\/\/dibette.hu\/en\/product\/rabbit-figure-milk-chocolate\/#primaryimage","url":"https:\/\/dibette.hu\/wp-content\/uploads\/2023\/11\/Di-NAS_nyul_tejcsokolade_hozzaadott_cukor_nelkul_25g.png","contentUrl":"https:\/\/dibette.hu\/wp-content\/uploads\/2023\/11\/Di-NAS_nyul_tejcsokolade_hozzaadott_cukor_nelkul_25g.png","width":600,"height":600,"caption":"NAS ny\u00fal tejcsokol\u00e1d\u00e9 hozz\u00e1adott cukor n\u00e9lk\u00fcl"},{"@type":"BreadcrumbList","@id":"https:\/\/dibette.hu\/en\/product\/rabbit-figure-milk-chocolate\/#breadcrumb","itemListElement":[{"@type":"ListItem","position":1,"name":"Kezd\u0151lap","item":"https:\/\/dibette.hu\/en\/homepage\/"},{"@type":"ListItem","position":2,"name":"Products","item":"https:\/\/dibette.hu\/en\/shop\/"},{"@type":"ListItem","position":3,"name":"Rabbit figure milk chocolate"}]},{"@type":"WebSite","@id":"https:\/\/dibette.hu\/en\/#website","url":"https:\/\/dibette.hu\/en\/","name":"Dibette","description":"Mindenf\u00e9le mentess\u00e9gek","publisher":{"@id":"https:\/\/dibette.hu\/en\/#organization"},"potentialAction":[{"@type":"SearchAction","target":{"@type":"EntryPoint","urlTemplate":"https:\/\/dibette.hu\/en\/?s={search_term_string}"},"query-input":{"@type":"PropertyValueSpecification","valueRequired":true,"valueName":"search_term_string"}}],"inLanguage":"en-US"},{"@type":"Organization","@id":"https:\/\/dibette.hu\/en\/#organization","name":"Dibette","url":"https:\/\/dibette.hu\/en\/","logo":{"@type":"ImageObject","inLanguage":"en-US","@id":"https:\/\/dibette.hu\/en\/#\/schema\/logo\/image\/","url":"https:\/\/dibette.hu\/wp-content\/uploads\/2023\/08\/logo-dibette-SVG.svg","contentUrl":"https:\/\/dibette.hu\/wp-content\/uploads\/2023\/08\/logo-dibette-SVG.svg","caption":"Dibette"},"image":{"@id":"https:\/\/dibette.hu\/en\/#\/schema\/logo\/image\/"}}]},"product_price_currency":"USD","og_availability":"instock","product_availability":"instock","product_retailer_item_id":"kc2132284259611","product_condition":"new"},"_links":{"self":[{"href":"https:\/\/dibette.hu\/en\/wp-json\/wp\/v2\/product\/3886","targetHints":{"allow":["GET"]}}],"collection":[{"href":"https:\/\/dibette.hu\/en\/wp-json\/wp\/v2\/product"}],"about":[{"href":"https:\/\/dibette.hu\/en\/wp-json\/wp\/v2\/types\/product"}],"replies":[{"embeddable":true,"href":"https:\/\/dibette.hu\/en\/wp-json\/wp\/v2\/comments?post=3886"}],"wp:featuredmedia":[{"embeddable":true,"href":"https:\/\/dibette.hu\/en\/wp-json\/wp\/v2\/media\/3718"}],"wp:attachment":[{"href":"https:\/\/dibette.hu\/en\/wp-json\/wp\/v2\/media?parent=3886"}],"wp:term":[{"taxonomy":"product_brand","embeddable":true,"href":"https:\/\/dibette.hu\/en\/wp-json\/wp\/v2\/product_brand?post=3886"},{"taxonomy":"product_cat","embeddable":true,"href":"https:\/\/dibette.hu\/en\/wp-json\/wp\/v2\/product_cat?post=3886"},{"taxonomy":"product_tag","embeddable":true,"href":"https:\/\/dibette.hu\/en\/wp-json\/wp\/v2\/product_tag?post=3886"}],"curies":[{"name":"wp","href":"https:\/\/api.w.org\/{rel}","templated":true}]}}