{"id":3867,"date":"2025-09-11T10:55:46","date_gmt":"2025-09-11T08:55:46","guid":{"rendered":"https:\/\/dibette.hu\/termek\/igaz-zi-puffed-rice-with-mixed-fruit-flavour-coating\/"},"modified":"2026-03-31T17:27:34","modified_gmt":"2026-03-31T15:27:34","slug":"igazi-zi-puffed-rice-with-mixed-fruit-flavour-coating","status":"publish","type":"product","link":"https:\/\/dibette.hu\/en\/product\/igazi-zi-puffed-rice-with-mixed-fruit-flavour-coating\/","title":{"rendered":"IGAZI-ZI puffed rice with mixed fruit flavour coating"},"content":{"rendered":"<p>IGAZI-ZI sugar-free puffed rice is a unique confection with mixed fruit flavor and enriched with vitamins and minerals. This gluten-free product is an excellent choice for health-conscious individuals. The puffed rice offers a light and crispy experience in every bite, complemented by a delightful mixed fruit flavor coating. IGAZI-ZI product is enriched with various vitamins and minerals, contributing to a balanced diet. The 25g packaging is practical and easily portable, making it a perfect choice for travel, office, or anytime you crave a delicious and nourishing snack. Unwrap the package and enjoy the IGAZI-ZI sugar-free puffed rice with mixed fruit flavor, guaranteed to provide an unforgettable taste experience.<\/p>\n","protected":false},"excerpt":{"rendered":"<p>IGAZI-ZI sugar-, and gluten free fruit mix flavoured coated puffed rice grains with sweeteners and vitamins &#038; minerals 25g<\/p>\n","protected":false},"featured_media":3686,"comment_status":"closed","ping_status":"closed","template":"","meta":{"_acf_changed":false},"product_brand":[],"product_cat":[143],"product_tag":[401,383,382,406,374],"class_list":{"0":"post-3867","1":"product","2":"type-product","3":"status-publish","4":"has-post-thumbnail","6":"product_cat-puffed-rice-zizi","7":"product_tag-daily","8":"product_tag-fruit-flavored","9":"product_tag-gluten-free","10":"product_tag-puffed","11":"product_tag-sugar-free","13":"first","14":"instock","15":"product-type-simple"},"acf":[],"yoast_head":"<!-- This site is optimized with the Yoast SEO Premium plugin v27.3 (Yoast SEO v27.3) - https:\/\/yoast.com\/product\/yoast-seo-premium-wordpress\/ -->\n<title>IGAZI-ZI Sugar-free Puffed Rice - With Vitamins and Minerals<\/title>\n<meta name=\"description\" content=\"IGAZI-ZI Gluten-Free Puffed Rice with Mixed Fruit Flavor - Enriched with Vitamins and Minerals&quot;\" \/>\n<meta name=\"robots\" content=\"index, follow, max-snippet:-1, max-image-preview:large, max-video-preview:-1\" \/>\n<link rel=\"canonical\" href=\"https:\/\/dibette.hu\/en\/product\/igazi-zi-puffed-rice-with-mixed-fruit-flavour-coating\/\" \/>\n<meta property=\"og:locale\" content=\"en_US\" \/>\n<meta property=\"og:type\" content=\"article\" \/>\n<meta property=\"og:title\" content=\"IGAZI-ZI puffed rice with mixed fruit flavour coating\" \/>\n<meta property=\"og:description\" content=\"IGAZI-ZI Gluten-Free Puffed Rice with Mixed Fruit Flavor - Enriched with Vitamins and Minerals&quot;\" \/>\n<meta property=\"og:url\" content=\"https:\/\/dibette.hu\/en\/product\/igazi-zi-puffed-rice-with-mixed-fruit-flavour-coating\/\" \/>\n<meta property=\"og:site_name\" content=\"Dibette\" \/>\n<meta property=\"article:modified_time\" content=\"2026-03-31T15:27:34+00:00\" \/>\n<meta property=\"og:image\" content=\"https:\/\/dibette.hu\/wp-content\/uploads\/2023\/11\/Di-IGAZI-ZI_cukormentes_puffasztott_rizs_vegyes_gyumolcsizu_bevonattal__vitaminokkal_es_asvanyi_anyagokkal_25g_erdei.png\" \/>\n\t<meta property=\"og:image:width\" content=\"600\" \/>\n\t<meta property=\"og:image:height\" content=\"600\" \/>\n\t<meta property=\"og:image:type\" content=\"image\/png\" \/>\n<meta name=\"twitter:card\" content=\"summary_large_image\" \/>\n<meta name=\"twitter:label1\" content=\"Price\" \/>\n\t<meta name=\"twitter:data1\" content=\"\" \/>\n\t<meta name=\"twitter:label2\" content=\"Availability\" \/>\n\t<meta name=\"twitter:data2\" content=\"In stock\" \/>\n<script type=\"application\/ld+json\" class=\"yoast-schema-graph\">{\"@context\":\"https:\\\/\\\/schema.org\",\"@graph\":[{\"@type\":\"WebPage\",\"@id\":\"https:\\\/\\\/dibette.hu\\\/en\\\/product\\\/igazi-zi-puffed-rice-with-mixed-fruit-flavour-coating\\\/\",\"url\":\"https:\\\/\\\/dibette.hu\\\/en\\\/product\\\/igazi-zi-puffed-rice-with-mixed-fruit-flavour-coating\\\/\",\"name\":\"IGAZI-ZI Sugar-free Puffed Rice - With Vitamins and Minerals\",\"isPartOf\":{\"@id\":\"https:\\\/\\\/dibette.hu\\\/en\\\/#website\"},\"primaryImageOfPage\":{\"@id\":\"https:\\\/\\\/dibette.hu\\\/en\\\/product\\\/igazi-zi-puffed-rice-with-mixed-fruit-flavour-coating\\\/#primaryimage\"},\"image\":{\"@id\":\"https:\\\/\\\/dibette.hu\\\/en\\\/product\\\/igazi-zi-puffed-rice-with-mixed-fruit-flavour-coating\\\/#primaryimage\"},\"thumbnailUrl\":\"https:\\\/\\\/dibette.hu\\\/wp-content\\\/uploads\\\/2023\\\/11\\\/Di-IGAZI-ZI_cukormentes_puffasztott_rizs_vegyes_gyumolcsizu_bevonattal__vitaminokkal_es_asvanyi_anyagokkal_25g_erdei.png\",\"datePublished\":\"2025-09-11T08:55:46+00:00\",\"dateModified\":\"2026-03-31T15:27:34+00:00\",\"description\":\"IGAZI-ZI Gluten-Free Puffed Rice with Mixed Fruit Flavor - Enriched with Vitamins and Minerals\\\"\",\"breadcrumb\":{\"@id\":\"https:\\\/\\\/dibette.hu\\\/en\\\/product\\\/igazi-zi-puffed-rice-with-mixed-fruit-flavour-coating\\\/#breadcrumb\"},\"inLanguage\":\"en-US\",\"potentialAction\":[{\"@type\":\"ReadAction\",\"target\":[\"https:\\\/\\\/dibette.hu\\\/en\\\/product\\\/igazi-zi-puffed-rice-with-mixed-fruit-flavour-coating\\\/\"]}]},{\"@type\":\"ImageObject\",\"inLanguage\":\"en-US\",\"@id\":\"https:\\\/\\\/dibette.hu\\\/en\\\/product\\\/igazi-zi-puffed-rice-with-mixed-fruit-flavour-coating\\\/#primaryimage\",\"url\":\"https:\\\/\\\/dibette.hu\\\/wp-content\\\/uploads\\\/2023\\\/11\\\/Di-IGAZI-ZI_cukormentes_puffasztott_rizs_vegyes_gyumolcsizu_bevonattal__vitaminokkal_es_asvanyi_anyagokkal_25g_erdei.png\",\"contentUrl\":\"https:\\\/\\\/dibette.hu\\\/wp-content\\\/uploads\\\/2023\\\/11\\\/Di-IGAZI-ZI_cukormentes_puffasztott_rizs_vegyes_gyumolcsizu_bevonattal__vitaminokkal_es_asvanyi_anyagokkal_25g_erdei.png\",\"width\":600,\"height\":600,\"caption\":\"IGAZI-ZI cukormentes puffasztott rizs vegyes gy\u00fcm\u00f6lcs\u00edz\u0171 bevonattal\"},{\"@type\":\"BreadcrumbList\",\"@id\":\"https:\\\/\\\/dibette.hu\\\/en\\\/product\\\/igazi-zi-puffed-rice-with-mixed-fruit-flavour-coating\\\/#breadcrumb\",\"itemListElement\":[{\"@type\":\"ListItem\",\"position\":1,\"name\":\"Kezd\u0151lap\",\"item\":\"https:\\\/\\\/dibette.hu\\\/en\\\/homepage\\\/\"},{\"@type\":\"ListItem\",\"position\":2,\"name\":\"Products\",\"item\":\"https:\\\/\\\/dibette.hu\\\/en\\\/shop\\\/\"},{\"@type\":\"ListItem\",\"position\":3,\"name\":\"IGAZI-ZI puffed rice with mixed fruit flavour coating\"}]},{\"@type\":\"WebSite\",\"@id\":\"https:\\\/\\\/dibette.hu\\\/en\\\/#website\",\"url\":\"https:\\\/\\\/dibette.hu\\\/en\\\/\",\"name\":\"Dibette\",\"description\":\"Mindenf\u00e9le mentess\u00e9gek\",\"publisher\":{\"@id\":\"https:\\\/\\\/dibette.hu\\\/en\\\/#organization\"},\"potentialAction\":[{\"@type\":\"SearchAction\",\"target\":{\"@type\":\"EntryPoint\",\"urlTemplate\":\"https:\\\/\\\/dibette.hu\\\/en\\\/?s={search_term_string}\"},\"query-input\":{\"@type\":\"PropertyValueSpecification\",\"valueRequired\":true,\"valueName\":\"search_term_string\"}}],\"inLanguage\":\"en-US\"},{\"@type\":\"Organization\",\"@id\":\"https:\\\/\\\/dibette.hu\\\/en\\\/#organization\",\"name\":\"Dibette\",\"url\":\"https:\\\/\\\/dibette.hu\\\/en\\\/\",\"logo\":{\"@type\":\"ImageObject\",\"inLanguage\":\"en-US\",\"@id\":\"https:\\\/\\\/dibette.hu\\\/en\\\/#\\\/schema\\\/logo\\\/image\\\/\",\"url\":\"https:\\\/\\\/dibette.hu\\\/wp-content\\\/uploads\\\/2023\\\/08\\\/logo-dibette-SVG.svg\",\"contentUrl\":\"https:\\\/\\\/dibette.hu\\\/wp-content\\\/uploads\\\/2023\\\/08\\\/logo-dibette-SVG.svg\",\"caption\":\"Dibette\"},\"image\":{\"@id\":\"https:\\\/\\\/dibette.hu\\\/en\\\/#\\\/schema\\\/logo\\\/image\\\/\"}}]}<\/script>\n<meta property=\"product:price:currency\" content=\"USD\" \/>\n<meta property=\"og:availability\" content=\"instock\" \/>\n<meta property=\"product:availability\" content=\"instock\" \/>\n<meta property=\"product:retailer_item_id\" content=\"ka1241130665011\" \/>\n<meta property=\"product:condition\" content=\"new\" \/>\n<!-- \/ Yoast SEO Premium plugin. -->","yoast_head_json":{"title":"IGAZI-ZI Sugar-free Puffed Rice - With Vitamins and Minerals","description":"IGAZI-ZI Gluten-Free Puffed Rice with Mixed Fruit Flavor - Enriched with Vitamins and Minerals\"","robots":{"index":"index","follow":"follow","max-snippet":"max-snippet:-1","max-image-preview":"max-image-preview:large","max-video-preview":"max-video-preview:-1"},"canonical":"https:\/\/dibette.hu\/en\/product\/igazi-zi-puffed-rice-with-mixed-fruit-flavour-coating\/","og_locale":"en_US","og_type":"article","og_title":"IGAZI-ZI puffed rice with mixed fruit flavour coating","og_description":"IGAZI-ZI Gluten-Free Puffed Rice with Mixed Fruit Flavor - Enriched with Vitamins and Minerals\"","og_url":"https:\/\/dibette.hu\/en\/product\/igazi-zi-puffed-rice-with-mixed-fruit-flavour-coating\/","og_site_name":"Dibette","article_modified_time":"2026-03-31T15:27:34+00:00","og_image":[{"width":600,"height":600,"url":"https:\/\/dibette.hu\/wp-content\/uploads\/2023\/11\/Di-IGAZI-ZI_cukormentes_puffasztott_rizs_vegyes_gyumolcsizu_bevonattal__vitaminokkal_es_asvanyi_anyagokkal_25g_erdei.png","type":"image\/png"}],"twitter_card":"summary_large_image","twitter_misc":{"Price":"","Availability":"In stock"},"schema":{"@context":"https:\/\/schema.org","@graph":[{"@type":"WebPage","@id":"https:\/\/dibette.hu\/en\/product\/igazi-zi-puffed-rice-with-mixed-fruit-flavour-coating\/","url":"https:\/\/dibette.hu\/en\/product\/igazi-zi-puffed-rice-with-mixed-fruit-flavour-coating\/","name":"IGAZI-ZI Sugar-free Puffed Rice - With Vitamins and Minerals","isPartOf":{"@id":"https:\/\/dibette.hu\/en\/#website"},"primaryImageOfPage":{"@id":"https:\/\/dibette.hu\/en\/product\/igazi-zi-puffed-rice-with-mixed-fruit-flavour-coating\/#primaryimage"},"image":{"@id":"https:\/\/dibette.hu\/en\/product\/igazi-zi-puffed-rice-with-mixed-fruit-flavour-coating\/#primaryimage"},"thumbnailUrl":"https:\/\/dibette.hu\/wp-content\/uploads\/2023\/11\/Di-IGAZI-ZI_cukormentes_puffasztott_rizs_vegyes_gyumolcsizu_bevonattal__vitaminokkal_es_asvanyi_anyagokkal_25g_erdei.png","datePublished":"2025-09-11T08:55:46+00:00","dateModified":"2026-03-31T15:27:34+00:00","description":"IGAZI-ZI Gluten-Free Puffed Rice with Mixed Fruit Flavor - Enriched with Vitamins and Minerals\"","breadcrumb":{"@id":"https:\/\/dibette.hu\/en\/product\/igazi-zi-puffed-rice-with-mixed-fruit-flavour-coating\/#breadcrumb"},"inLanguage":"en-US","potentialAction":[{"@type":"ReadAction","target":["https:\/\/dibette.hu\/en\/product\/igazi-zi-puffed-rice-with-mixed-fruit-flavour-coating\/"]}]},{"@type":"ImageObject","inLanguage":"en-US","@id":"https:\/\/dibette.hu\/en\/product\/igazi-zi-puffed-rice-with-mixed-fruit-flavour-coating\/#primaryimage","url":"https:\/\/dibette.hu\/wp-content\/uploads\/2023\/11\/Di-IGAZI-ZI_cukormentes_puffasztott_rizs_vegyes_gyumolcsizu_bevonattal__vitaminokkal_es_asvanyi_anyagokkal_25g_erdei.png","contentUrl":"https:\/\/dibette.hu\/wp-content\/uploads\/2023\/11\/Di-IGAZI-ZI_cukormentes_puffasztott_rizs_vegyes_gyumolcsizu_bevonattal__vitaminokkal_es_asvanyi_anyagokkal_25g_erdei.png","width":600,"height":600,"caption":"IGAZI-ZI cukormentes puffasztott rizs vegyes gy\u00fcm\u00f6lcs\u00edz\u0171 bevonattal"},{"@type":"BreadcrumbList","@id":"https:\/\/dibette.hu\/en\/product\/igazi-zi-puffed-rice-with-mixed-fruit-flavour-coating\/#breadcrumb","itemListElement":[{"@type":"ListItem","position":1,"name":"Kezd\u0151lap","item":"https:\/\/dibette.hu\/en\/homepage\/"},{"@type":"ListItem","position":2,"name":"Products","item":"https:\/\/dibette.hu\/en\/shop\/"},{"@type":"ListItem","position":3,"name":"IGAZI-ZI puffed rice with mixed fruit flavour coating"}]},{"@type":"WebSite","@id":"https:\/\/dibette.hu\/en\/#website","url":"https:\/\/dibette.hu\/en\/","name":"Dibette","description":"Mindenf\u00e9le mentess\u00e9gek","publisher":{"@id":"https:\/\/dibette.hu\/en\/#organization"},"potentialAction":[{"@type":"SearchAction","target":{"@type":"EntryPoint","urlTemplate":"https:\/\/dibette.hu\/en\/?s={search_term_string}"},"query-input":{"@type":"PropertyValueSpecification","valueRequired":true,"valueName":"search_term_string"}}],"inLanguage":"en-US"},{"@type":"Organization","@id":"https:\/\/dibette.hu\/en\/#organization","name":"Dibette","url":"https:\/\/dibette.hu\/en\/","logo":{"@type":"ImageObject","inLanguage":"en-US","@id":"https:\/\/dibette.hu\/en\/#\/schema\/logo\/image\/","url":"https:\/\/dibette.hu\/wp-content\/uploads\/2023\/08\/logo-dibette-SVG.svg","contentUrl":"https:\/\/dibette.hu\/wp-content\/uploads\/2023\/08\/logo-dibette-SVG.svg","caption":"Dibette"},"image":{"@id":"https:\/\/dibette.hu\/en\/#\/schema\/logo\/image\/"}}]},"product_price_currency":"USD","og_availability":"instock","product_availability":"instock","product_retailer_item_id":"ka1241130665011","product_condition":"new"},"_links":{"self":[{"href":"https:\/\/dibette.hu\/en\/wp-json\/wp\/v2\/product\/3867","targetHints":{"allow":["GET"]}}],"collection":[{"href":"https:\/\/dibette.hu\/en\/wp-json\/wp\/v2\/product"}],"about":[{"href":"https:\/\/dibette.hu\/en\/wp-json\/wp\/v2\/types\/product"}],"replies":[{"embeddable":true,"href":"https:\/\/dibette.hu\/en\/wp-json\/wp\/v2\/comments?post=3867"}],"wp:featuredmedia":[{"embeddable":true,"href":"https:\/\/dibette.hu\/en\/wp-json\/wp\/v2\/media\/3686"}],"wp:attachment":[{"href":"https:\/\/dibette.hu\/en\/wp-json\/wp\/v2\/media?parent=3867"}],"wp:term":[{"taxonomy":"product_brand","embeddable":true,"href":"https:\/\/dibette.hu\/en\/wp-json\/wp\/v2\/product_brand?post=3867"},{"taxonomy":"product_cat","embeddable":true,"href":"https:\/\/dibette.hu\/en\/wp-json\/wp\/v2\/product_cat?post=3867"},{"taxonomy":"product_tag","embeddable":true,"href":"https:\/\/dibette.hu\/en\/wp-json\/wp\/v2\/product_tag?post=3867"}],"curies":[{"name":"wp","href":"https:\/\/api.w.org\/{rel}","templated":true}]}}