{"id":3859,"date":"2025-09-11T10:55:26","date_gmt":"2025-09-11T08:55:26","guid":{"rendered":"https:\/\/dibette.hu\/termek\/hazelnut-cream-filled-dark-dipped-wafer-slice\/"},"modified":"2026-03-31T17:27:25","modified_gmt":"2026-03-31T15:27:25","slug":"hazelnut-cream-filled-dark-dipped-wafer-slice","status":"publish","type":"product","link":"https:\/\/dibette.hu\/en\/product\/hazelnut-cream-filled-dark-dipped-wafer-slice\/","title":{"rendered":"Hazelnut cream-filled, dark dipped wafer slice"},"content":{"rendered":"<p>The delectable Gluten-Free Hazelnut Cream with Fructose is a treat you can savor anytime. This creamy and hazelnut-flavored product is a perfect choice for those following a gluten-free diet or with gluten sensitivity. The Dibette NAS hazelnut cream filled chocolate-dipped wafers offer a unique taste experience while being free from added sugar. The use of fructose as a sweetener adds an extra level of appeal to this dessert. Each wafer slice guarantees pure delight, while providing a carefree and flavorful snacking option for those adhering to a gluten-free lifestyle. Experience the joy of these exceptional chocolate-dipped wafers filled with delightful hazelnut cream, and let their taste enchant you!<\/p>\n","protected":false},"excerpt":{"rendered":"<p>Dibette No Sugar Added filled wafer bar with hazelnut cream, dark compound covered with sweeteners 26g gluten free<\/p>\n","protected":false},"featured_media":3616,"comment_status":"closed","ping_status":"closed","template":"","meta":{"_acf_changed":false},"product_brand":[],"product_cat":[139],"product_tag":[401,378,382,400,384,409,430,376],"class_list":{"0":"post-3859","1":"product","2":"type-product","3":"status-publish","4":"has-post-thumbnail","6":"product_cat-wafer","7":"product_tag-daily","8":"product_tag-dipped","9":"product_tag-gluten-free","10":"product_tag-hazelnut-flavored","11":"product_tag-no-added-sugar","12":"product_tag-slice","13":"product_tag-steviol","14":"product_tag-with-erythritol","16":"first","17":"instock","18":"product-type-simple"},"acf":[],"yoast_head":"<!-- This site is optimized with the Yoast SEO Premium plugin v27.3 (Yoast SEO v27.3) - https:\/\/yoast.com\/product\/yoast-seo-premium-wordpress\/ -->\n<title>Gluten-free Hazelnut Cream with Fructose, Dibette, NAS, Dip Wafer<\/title>\n<meta name=\"description\" content=\"Indulge in the heavenly Gluten-Free Hazelnut Cream sweetened with fructose! Discover the Dibette NAS hazelnut cream filled chocolate-dipped wafers that are made without added sugar!\" \/>\n<meta name=\"robots\" content=\"index, follow, max-snippet:-1, max-image-preview:large, max-video-preview:-1\" \/>\n<link rel=\"canonical\" href=\"https:\/\/dibette.hu\/en\/product\/hazelnut-cream-filled-dark-dipped-wafer-slice\/\" \/>\n<meta property=\"og:locale\" content=\"en_US\" \/>\n<meta property=\"og:type\" content=\"article\" \/>\n<meta property=\"og:title\" content=\"Hazelnut cream-filled, dark dipped wafer slice\" \/>\n<meta property=\"og:description\" content=\"Indulge in the heavenly Gluten-Free Hazelnut Cream sweetened with fructose! Discover the Dibette NAS hazelnut cream filled chocolate-dipped wafers that are made without added sugar!\" \/>\n<meta property=\"og:url\" content=\"https:\/\/dibette.hu\/en\/product\/hazelnut-cream-filled-dark-dipped-wafer-slice\/\" \/>\n<meta property=\"og:site_name\" content=\"Dibette\" \/>\n<meta property=\"article:modified_time\" content=\"2026-03-31T15:27:25+00:00\" \/>\n<meta property=\"og:image\" content=\"https:\/\/dibette.hu\/wp-content\/uploads\/2023\/11\/Di-Dibette_NAS_et_mart._mogyoros_kremmel_toltott_ostya_hozzaadott_cukor_nelkul_26g_glutenmentes.png\" \/>\n\t<meta property=\"og:image:width\" content=\"600\" \/>\n\t<meta property=\"og:image:height\" content=\"600\" \/>\n\t<meta property=\"og:image:type\" content=\"image\/png\" \/>\n<meta name=\"twitter:card\" content=\"summary_large_image\" \/>\n<meta name=\"twitter:label1\" content=\"Price\" \/>\n\t<meta name=\"twitter:data1\" content=\"\" \/>\n\t<meta name=\"twitter:label2\" content=\"Availability\" \/>\n\t<meta name=\"twitter:data2\" content=\"In stock\" \/>\n<script type=\"application\/ld+json\" class=\"yoast-schema-graph\">{\"@context\":\"https:\\\/\\\/schema.org\",\"@graph\":[{\"@type\":\"WebPage\",\"@id\":\"https:\\\/\\\/dibette.hu\\\/en\\\/product\\\/hazelnut-cream-filled-dark-dipped-wafer-slice\\\/\",\"url\":\"https:\\\/\\\/dibette.hu\\\/en\\\/product\\\/hazelnut-cream-filled-dark-dipped-wafer-slice\\\/\",\"name\":\"Gluten-free Hazelnut Cream with Fructose, Dibette, NAS, Dip Wafer\",\"isPartOf\":{\"@id\":\"https:\\\/\\\/dibette.hu\\\/en\\\/#website\"},\"primaryImageOfPage\":{\"@id\":\"https:\\\/\\\/dibette.hu\\\/en\\\/product\\\/hazelnut-cream-filled-dark-dipped-wafer-slice\\\/#primaryimage\"},\"image\":{\"@id\":\"https:\\\/\\\/dibette.hu\\\/en\\\/product\\\/hazelnut-cream-filled-dark-dipped-wafer-slice\\\/#primaryimage\"},\"thumbnailUrl\":\"https:\\\/\\\/dibette.hu\\\/wp-content\\\/uploads\\\/2023\\\/11\\\/Di-Dibette_NAS_et_mart._mogyoros_kremmel_toltott_ostya_hozzaadott_cukor_nelkul_26g_glutenmentes.png\",\"datePublished\":\"2025-09-11T08:55:26+00:00\",\"dateModified\":\"2026-03-31T15:27:25+00:00\",\"description\":\"Indulge in the heavenly Gluten-Free Hazelnut Cream sweetened with fructose! Discover the Dibette NAS hazelnut cream filled chocolate-dipped wafers that are made without added sugar!\",\"breadcrumb\":{\"@id\":\"https:\\\/\\\/dibette.hu\\\/en\\\/product\\\/hazelnut-cream-filled-dark-dipped-wafer-slice\\\/#breadcrumb\"},\"inLanguage\":\"en-US\",\"potentialAction\":[{\"@type\":\"ReadAction\",\"target\":[\"https:\\\/\\\/dibette.hu\\\/en\\\/product\\\/hazelnut-cream-filled-dark-dipped-wafer-slice\\\/\"]}]},{\"@type\":\"ImageObject\",\"inLanguage\":\"en-US\",\"@id\":\"https:\\\/\\\/dibette.hu\\\/en\\\/product\\\/hazelnut-cream-filled-dark-dipped-wafer-slice\\\/#primaryimage\",\"url\":\"https:\\\/\\\/dibette.hu\\\/wp-content\\\/uploads\\\/2023\\\/11\\\/Di-Dibette_NAS_et_mart._mogyoros_kremmel_toltott_ostya_hozzaadott_cukor_nelkul_26g_glutenmentes.png\",\"contentUrl\":\"https:\\\/\\\/dibette.hu\\\/wp-content\\\/uploads\\\/2023\\\/11\\\/Di-Dibette_NAS_et_mart._mogyoros_kremmel_toltott_ostya_hozzaadott_cukor_nelkul_26g_glutenmentes.png\",\"width\":600,\"height\":600,\"caption\":\"Dibette NAS mogyor\u00f3s \u00e9tm\u00e1rtott ostya\"},{\"@type\":\"BreadcrumbList\",\"@id\":\"https:\\\/\\\/dibette.hu\\\/en\\\/product\\\/hazelnut-cream-filled-dark-dipped-wafer-slice\\\/#breadcrumb\",\"itemListElement\":[{\"@type\":\"ListItem\",\"position\":1,\"name\":\"Kezd\u0151lap\",\"item\":\"https:\\\/\\\/dibette.hu\\\/en\\\/homepage\\\/\"},{\"@type\":\"ListItem\",\"position\":2,\"name\":\"Products\",\"item\":\"https:\\\/\\\/dibette.hu\\\/en\\\/shop\\\/\"},{\"@type\":\"ListItem\",\"position\":3,\"name\":\"Hazelnut cream-filled, dark dipped wafer slice\"}]},{\"@type\":\"WebSite\",\"@id\":\"https:\\\/\\\/dibette.hu\\\/en\\\/#website\",\"url\":\"https:\\\/\\\/dibette.hu\\\/en\\\/\",\"name\":\"Dibette\",\"description\":\"Mindenf\u00e9le mentess\u00e9gek\",\"publisher\":{\"@id\":\"https:\\\/\\\/dibette.hu\\\/en\\\/#organization\"},\"potentialAction\":[{\"@type\":\"SearchAction\",\"target\":{\"@type\":\"EntryPoint\",\"urlTemplate\":\"https:\\\/\\\/dibette.hu\\\/en\\\/?s={search_term_string}\"},\"query-input\":{\"@type\":\"PropertyValueSpecification\",\"valueRequired\":true,\"valueName\":\"search_term_string\"}}],\"inLanguage\":\"en-US\"},{\"@type\":\"Organization\",\"@id\":\"https:\\\/\\\/dibette.hu\\\/en\\\/#organization\",\"name\":\"Dibette\",\"url\":\"https:\\\/\\\/dibette.hu\\\/en\\\/\",\"logo\":{\"@type\":\"ImageObject\",\"inLanguage\":\"en-US\",\"@id\":\"https:\\\/\\\/dibette.hu\\\/en\\\/#\\\/schema\\\/logo\\\/image\\\/\",\"url\":\"https:\\\/\\\/dibette.hu\\\/wp-content\\\/uploads\\\/2023\\\/08\\\/logo-dibette-SVG.svg\",\"contentUrl\":\"https:\\\/\\\/dibette.hu\\\/wp-content\\\/uploads\\\/2023\\\/08\\\/logo-dibette-SVG.svg\",\"caption\":\"Dibette\"},\"image\":{\"@id\":\"https:\\\/\\\/dibette.hu\\\/en\\\/#\\\/schema\\\/logo\\\/image\\\/\"}}]}<\/script>\n<meta property=\"product:price:currency\" content=\"USD\" \/>\n<meta property=\"og:availability\" content=\"instock\" \/>\n<meta property=\"product:availability\" content=\"instock\" \/>\n<meta property=\"product:retailer_item_id\" content=\"ka1133050143821\" \/>\n<meta property=\"product:condition\" content=\"new\" \/>\n<!-- \/ Yoast SEO Premium plugin. -->","yoast_head_json":{"title":"Gluten-free Hazelnut Cream with Fructose, Dibette, NAS, Dip Wafer","description":"Indulge in the heavenly Gluten-Free Hazelnut Cream sweetened with fructose! Discover the Dibette NAS hazelnut cream filled chocolate-dipped wafers that are made without added sugar!","robots":{"index":"index","follow":"follow","max-snippet":"max-snippet:-1","max-image-preview":"max-image-preview:large","max-video-preview":"max-video-preview:-1"},"canonical":"https:\/\/dibette.hu\/en\/product\/hazelnut-cream-filled-dark-dipped-wafer-slice\/","og_locale":"en_US","og_type":"article","og_title":"Hazelnut cream-filled, dark dipped wafer slice","og_description":"Indulge in the heavenly Gluten-Free Hazelnut Cream sweetened with fructose! Discover the Dibette NAS hazelnut cream filled chocolate-dipped wafers that are made without added sugar!","og_url":"https:\/\/dibette.hu\/en\/product\/hazelnut-cream-filled-dark-dipped-wafer-slice\/","og_site_name":"Dibette","article_modified_time":"2026-03-31T15:27:25+00:00","og_image":[{"width":600,"height":600,"url":"https:\/\/dibette.hu\/wp-content\/uploads\/2023\/11\/Di-Dibette_NAS_et_mart._mogyoros_kremmel_toltott_ostya_hozzaadott_cukor_nelkul_26g_glutenmentes.png","type":"image\/png"}],"twitter_card":"summary_large_image","twitter_misc":{"Price":"","Availability":"In stock"},"schema":{"@context":"https:\/\/schema.org","@graph":[{"@type":"WebPage","@id":"https:\/\/dibette.hu\/en\/product\/hazelnut-cream-filled-dark-dipped-wafer-slice\/","url":"https:\/\/dibette.hu\/en\/product\/hazelnut-cream-filled-dark-dipped-wafer-slice\/","name":"Gluten-free Hazelnut Cream with Fructose, Dibette, NAS, Dip Wafer","isPartOf":{"@id":"https:\/\/dibette.hu\/en\/#website"},"primaryImageOfPage":{"@id":"https:\/\/dibette.hu\/en\/product\/hazelnut-cream-filled-dark-dipped-wafer-slice\/#primaryimage"},"image":{"@id":"https:\/\/dibette.hu\/en\/product\/hazelnut-cream-filled-dark-dipped-wafer-slice\/#primaryimage"},"thumbnailUrl":"https:\/\/dibette.hu\/wp-content\/uploads\/2023\/11\/Di-Dibette_NAS_et_mart._mogyoros_kremmel_toltott_ostya_hozzaadott_cukor_nelkul_26g_glutenmentes.png","datePublished":"2025-09-11T08:55:26+00:00","dateModified":"2026-03-31T15:27:25+00:00","description":"Indulge in the heavenly Gluten-Free Hazelnut Cream sweetened with fructose! Discover the Dibette NAS hazelnut cream filled chocolate-dipped wafers that are made without added sugar!","breadcrumb":{"@id":"https:\/\/dibette.hu\/en\/product\/hazelnut-cream-filled-dark-dipped-wafer-slice\/#breadcrumb"},"inLanguage":"en-US","potentialAction":[{"@type":"ReadAction","target":["https:\/\/dibette.hu\/en\/product\/hazelnut-cream-filled-dark-dipped-wafer-slice\/"]}]},{"@type":"ImageObject","inLanguage":"en-US","@id":"https:\/\/dibette.hu\/en\/product\/hazelnut-cream-filled-dark-dipped-wafer-slice\/#primaryimage","url":"https:\/\/dibette.hu\/wp-content\/uploads\/2023\/11\/Di-Dibette_NAS_et_mart._mogyoros_kremmel_toltott_ostya_hozzaadott_cukor_nelkul_26g_glutenmentes.png","contentUrl":"https:\/\/dibette.hu\/wp-content\/uploads\/2023\/11\/Di-Dibette_NAS_et_mart._mogyoros_kremmel_toltott_ostya_hozzaadott_cukor_nelkul_26g_glutenmentes.png","width":600,"height":600,"caption":"Dibette NAS mogyor\u00f3s \u00e9tm\u00e1rtott ostya"},{"@type":"BreadcrumbList","@id":"https:\/\/dibette.hu\/en\/product\/hazelnut-cream-filled-dark-dipped-wafer-slice\/#breadcrumb","itemListElement":[{"@type":"ListItem","position":1,"name":"Kezd\u0151lap","item":"https:\/\/dibette.hu\/en\/homepage\/"},{"@type":"ListItem","position":2,"name":"Products","item":"https:\/\/dibette.hu\/en\/shop\/"},{"@type":"ListItem","position":3,"name":"Hazelnut cream-filled, dark dipped wafer slice"}]},{"@type":"WebSite","@id":"https:\/\/dibette.hu\/en\/#website","url":"https:\/\/dibette.hu\/en\/","name":"Dibette","description":"Mindenf\u00e9le mentess\u00e9gek","publisher":{"@id":"https:\/\/dibette.hu\/en\/#organization"},"potentialAction":[{"@type":"SearchAction","target":{"@type":"EntryPoint","urlTemplate":"https:\/\/dibette.hu\/en\/?s={search_term_string}"},"query-input":{"@type":"PropertyValueSpecification","valueRequired":true,"valueName":"search_term_string"}}],"inLanguage":"en-US"},{"@type":"Organization","@id":"https:\/\/dibette.hu\/en\/#organization","name":"Dibette","url":"https:\/\/dibette.hu\/en\/","logo":{"@type":"ImageObject","inLanguage":"en-US","@id":"https:\/\/dibette.hu\/en\/#\/schema\/logo\/image\/","url":"https:\/\/dibette.hu\/wp-content\/uploads\/2023\/08\/logo-dibette-SVG.svg","contentUrl":"https:\/\/dibette.hu\/wp-content\/uploads\/2023\/08\/logo-dibette-SVG.svg","caption":"Dibette"},"image":{"@id":"https:\/\/dibette.hu\/en\/#\/schema\/logo\/image\/"}}]},"product_price_currency":"USD","og_availability":"instock","product_availability":"instock","product_retailer_item_id":"ka1133050143821","product_condition":"new"},"_links":{"self":[{"href":"https:\/\/dibette.hu\/en\/wp-json\/wp\/v2\/product\/3859","targetHints":{"allow":["GET"]}}],"collection":[{"href":"https:\/\/dibette.hu\/en\/wp-json\/wp\/v2\/product"}],"about":[{"href":"https:\/\/dibette.hu\/en\/wp-json\/wp\/v2\/types\/product"}],"replies":[{"embeddable":true,"href":"https:\/\/dibette.hu\/en\/wp-json\/wp\/v2\/comments?post=3859"}],"wp:featuredmedia":[{"embeddable":true,"href":"https:\/\/dibette.hu\/en\/wp-json\/wp\/v2\/media\/3616"}],"wp:attachment":[{"href":"https:\/\/dibette.hu\/en\/wp-json\/wp\/v2\/media?parent=3859"}],"wp:term":[{"taxonomy":"product_brand","embeddable":true,"href":"https:\/\/dibette.hu\/en\/wp-json\/wp\/v2\/product_brand?post=3859"},{"taxonomy":"product_cat","embeddable":true,"href":"https:\/\/dibette.hu\/en\/wp-json\/wp\/v2\/product_cat?post=3859"},{"taxonomy":"product_tag","embeddable":true,"href":"https:\/\/dibette.hu\/en\/wp-json\/wp\/v2\/product_tag?post=3859"}],"curies":[{"name":"wp","href":"https:\/\/api.w.org\/{rel}","templated":true}]}}