{"id":3837,"date":"2025-09-11T10:55:05","date_gmt":"2025-09-11T08:55:05","guid":{"rendered":"https:\/\/dibette.hu\/termek\/milk-chocolate\/"},"modified":"2026-03-31T17:27:14","modified_gmt":"2026-03-31T15:27:14","slug":"milk-chocolate","status":"publish","type":"product","link":"https:\/\/dibette.hu\/en\/product\/milk-chocolate\/","title":{"rendered":"Milk chocolate"},"content":{"rendered":"<p>Dibette fructose milk chocolate is specially crafted for those with diabetes. Made with the finest ingredients and sweetened with fructose instead of sugar, this 80g chocolate bar offers a guilt-free indulgence for chocolate lovers. The smooth and creamy texture melts in your mouth, delivering a rich and satisfying flavor experience. With Dibette fructose milk chocolate, you can enjoy the sweetness of chocolate without compromising your health. Treat yourself or someone you love to this diabetic-friendly delight. Order now and savor the deliciousness of Dibette fructose milk chocolate!<\/p>\n","protected":false},"excerpt":{"rendered":"<p>Dibette milk chocolate with fructose 80g<\/p>\n","protected":false},"featured_media":3680,"comment_status":"closed","ping_status":"closed","template":"","meta":{"_acf_changed":false},"product_brand":[],"product_cat":[136],"product_tag":[401,413,381],"class_list":{"0":"post-3837","1":"product","2":"type-product","3":"status-publish","4":"has-post-thumbnail","6":"product_cat-chocolate","7":"product_tag-daily","8":"product_tag-milk-chocolate","9":"product_tag-with-fructose","11":"first","12":"instock","13":"product-type-simple"},"acf":[],"yoast_head":"<!-- This site is optimized with the Yoast SEO Premium plugin v27.3 (Yoast SEO v27.3) - https:\/\/yoast.com\/product\/yoast-seo-premium-wordpress\/ -->\n<title>Healthy and tasty milk chocolate with fructose\/bar milk chocolate<\/title>\n<meta name=\"description\" content=\"Taste the healthy and delicious Dibette Chocolate (80g)! A chocolate bar, perfect for those who are sugar-dependent or have diabetes.\" \/>\n<meta name=\"robots\" content=\"index, follow, max-snippet:-1, max-image-preview:large, max-video-preview:-1\" \/>\n<link rel=\"canonical\" href=\"https:\/\/dibette.hu\/en\/product\/milk-chocolate\/\" \/>\n<meta property=\"og:locale\" content=\"en_US\" \/>\n<meta property=\"og:type\" content=\"article\" \/>\n<meta property=\"og:title\" content=\"Milk chocolate\" \/>\n<meta property=\"og:description\" content=\"Taste the healthy and delicious Dibette Chocolate (80g)! A chocolate bar, perfect for those who are sugar-dependent or have diabetes.\" \/>\n<meta property=\"og:url\" content=\"https:\/\/dibette.hu\/en\/product\/milk-chocolate\/\" \/>\n<meta property=\"og:site_name\" content=\"Dibette\" \/>\n<meta property=\"article:modified_time\" content=\"2026-03-31T15:27:14+00:00\" \/>\n<meta property=\"og:image\" content=\"https:\/\/dibette.hu\/wp-content\/uploads\/2023\/11\/Di-Dibette_tejcsokolade_fruktozzal_80g.png\" \/>\n\t<meta property=\"og:image:width\" content=\"600\" \/>\n\t<meta property=\"og:image:height\" content=\"600\" \/>\n\t<meta property=\"og:image:type\" content=\"image\/png\" \/>\n<meta name=\"twitter:card\" content=\"summary_large_image\" \/>\n<meta name=\"twitter:label1\" content=\"Price\" \/>\n\t<meta name=\"twitter:data1\" content=\"\" \/>\n\t<meta name=\"twitter:label2\" content=\"Availability\" \/>\n\t<meta name=\"twitter:data2\" content=\"In stock\" \/>\n<script type=\"application\/ld+json\" class=\"yoast-schema-graph\">{\"@context\":\"https:\\\/\\\/schema.org\",\"@graph\":[{\"@type\":\"WebPage\",\"@id\":\"https:\\\/\\\/dibette.hu\\\/en\\\/product\\\/milk-chocolate\\\/\",\"url\":\"https:\\\/\\\/dibette.hu\\\/en\\\/product\\\/milk-chocolate\\\/\",\"name\":\"Healthy and tasty milk chocolate with fructose\\\/bar milk chocolate\",\"isPartOf\":{\"@id\":\"https:\\\/\\\/dibette.hu\\\/en\\\/#website\"},\"primaryImageOfPage\":{\"@id\":\"https:\\\/\\\/dibette.hu\\\/en\\\/product\\\/milk-chocolate\\\/#primaryimage\"},\"image\":{\"@id\":\"https:\\\/\\\/dibette.hu\\\/en\\\/product\\\/milk-chocolate\\\/#primaryimage\"},\"thumbnailUrl\":\"https:\\\/\\\/dibette.hu\\\/wp-content\\\/uploads\\\/2023\\\/11\\\/Di-Dibette_tejcsokolade_fruktozzal_80g.png\",\"datePublished\":\"2025-09-11T08:55:05+00:00\",\"dateModified\":\"2026-03-31T15:27:14+00:00\",\"description\":\"Taste the healthy and delicious Dibette Chocolate (80g)! A chocolate bar, perfect for those who are sugar-dependent or have diabetes.\",\"breadcrumb\":{\"@id\":\"https:\\\/\\\/dibette.hu\\\/en\\\/product\\\/milk-chocolate\\\/#breadcrumb\"},\"inLanguage\":\"en-US\",\"potentialAction\":[{\"@type\":\"ReadAction\",\"target\":[\"https:\\\/\\\/dibette.hu\\\/en\\\/product\\\/milk-chocolate\\\/\"]}]},{\"@type\":\"ImageObject\",\"inLanguage\":\"en-US\",\"@id\":\"https:\\\/\\\/dibette.hu\\\/en\\\/product\\\/milk-chocolate\\\/#primaryimage\",\"url\":\"https:\\\/\\\/dibette.hu\\\/wp-content\\\/uploads\\\/2023\\\/11\\\/Di-Dibette_tejcsokolade_fruktozzal_80g.png\",\"contentUrl\":\"https:\\\/\\\/dibette.hu\\\/wp-content\\\/uploads\\\/2023\\\/11\\\/Di-Dibette_tejcsokolade_fruktozzal_80g.png\",\"width\":600,\"height\":600,\"caption\":\"Dibette tejcsokol\u00e1d\u00e9 frukt\u00f3zzal\"},{\"@type\":\"BreadcrumbList\",\"@id\":\"https:\\\/\\\/dibette.hu\\\/en\\\/product\\\/milk-chocolate\\\/#breadcrumb\",\"itemListElement\":[{\"@type\":\"ListItem\",\"position\":1,\"name\":\"Kezd\u0151lap\",\"item\":\"https:\\\/\\\/dibette.hu\\\/en\\\/homepage\\\/\"},{\"@type\":\"ListItem\",\"position\":2,\"name\":\"Products\",\"item\":\"https:\\\/\\\/dibette.hu\\\/en\\\/shop\\\/\"},{\"@type\":\"ListItem\",\"position\":3,\"name\":\"Milk chocolate\"}]},{\"@type\":\"WebSite\",\"@id\":\"https:\\\/\\\/dibette.hu\\\/en\\\/#website\",\"url\":\"https:\\\/\\\/dibette.hu\\\/en\\\/\",\"name\":\"Dibette\",\"description\":\"Mindenf\u00e9le mentess\u00e9gek\",\"publisher\":{\"@id\":\"https:\\\/\\\/dibette.hu\\\/en\\\/#organization\"},\"potentialAction\":[{\"@type\":\"SearchAction\",\"target\":{\"@type\":\"EntryPoint\",\"urlTemplate\":\"https:\\\/\\\/dibette.hu\\\/en\\\/?s={search_term_string}\"},\"query-input\":{\"@type\":\"PropertyValueSpecification\",\"valueRequired\":true,\"valueName\":\"search_term_string\"}}],\"inLanguage\":\"en-US\"},{\"@type\":\"Organization\",\"@id\":\"https:\\\/\\\/dibette.hu\\\/en\\\/#organization\",\"name\":\"Dibette\",\"url\":\"https:\\\/\\\/dibette.hu\\\/en\\\/\",\"logo\":{\"@type\":\"ImageObject\",\"inLanguage\":\"en-US\",\"@id\":\"https:\\\/\\\/dibette.hu\\\/en\\\/#\\\/schema\\\/logo\\\/image\\\/\",\"url\":\"https:\\\/\\\/dibette.hu\\\/wp-content\\\/uploads\\\/2023\\\/08\\\/logo-dibette-SVG.svg\",\"contentUrl\":\"https:\\\/\\\/dibette.hu\\\/wp-content\\\/uploads\\\/2023\\\/08\\\/logo-dibette-SVG.svg\",\"caption\":\"Dibette\"},\"image\":{\"@id\":\"https:\\\/\\\/dibette.hu\\\/en\\\/#\\\/schema\\\/logo\\\/image\\\/\"}}]}<\/script>\n<meta property=\"product:price:currency\" content=\"USD\" \/>\n<meta property=\"og:availability\" content=\"instock\" \/>\n<meta property=\"product:availability\" content=\"instock\" \/>\n<meta property=\"product:retailer_item_id\" content=\"ka1122240220011\" \/>\n<meta property=\"product:condition\" content=\"new\" \/>\n<!-- \/ Yoast SEO Premium plugin. -->","yoast_head_json":{"title":"Healthy and tasty milk chocolate with fructose\/bar milk chocolate","description":"Taste the healthy and delicious Dibette Chocolate (80g)! A chocolate bar, perfect for those who are sugar-dependent or have diabetes.","robots":{"index":"index","follow":"follow","max-snippet":"max-snippet:-1","max-image-preview":"max-image-preview:large","max-video-preview":"max-video-preview:-1"},"canonical":"https:\/\/dibette.hu\/en\/product\/milk-chocolate\/","og_locale":"en_US","og_type":"article","og_title":"Milk chocolate","og_description":"Taste the healthy and delicious Dibette Chocolate (80g)! A chocolate bar, perfect for those who are sugar-dependent or have diabetes.","og_url":"https:\/\/dibette.hu\/en\/product\/milk-chocolate\/","og_site_name":"Dibette","article_modified_time":"2026-03-31T15:27:14+00:00","og_image":[{"width":600,"height":600,"url":"https:\/\/dibette.hu\/wp-content\/uploads\/2023\/11\/Di-Dibette_tejcsokolade_fruktozzal_80g.png","type":"image\/png"}],"twitter_card":"summary_large_image","twitter_misc":{"Price":"","Availability":"In stock"},"schema":{"@context":"https:\/\/schema.org","@graph":[{"@type":"WebPage","@id":"https:\/\/dibette.hu\/en\/product\/milk-chocolate\/","url":"https:\/\/dibette.hu\/en\/product\/milk-chocolate\/","name":"Healthy and tasty milk chocolate with fructose\/bar milk chocolate","isPartOf":{"@id":"https:\/\/dibette.hu\/en\/#website"},"primaryImageOfPage":{"@id":"https:\/\/dibette.hu\/en\/product\/milk-chocolate\/#primaryimage"},"image":{"@id":"https:\/\/dibette.hu\/en\/product\/milk-chocolate\/#primaryimage"},"thumbnailUrl":"https:\/\/dibette.hu\/wp-content\/uploads\/2023\/11\/Di-Dibette_tejcsokolade_fruktozzal_80g.png","datePublished":"2025-09-11T08:55:05+00:00","dateModified":"2026-03-31T15:27:14+00:00","description":"Taste the healthy and delicious Dibette Chocolate (80g)! A chocolate bar, perfect for those who are sugar-dependent or have diabetes.","breadcrumb":{"@id":"https:\/\/dibette.hu\/en\/product\/milk-chocolate\/#breadcrumb"},"inLanguage":"en-US","potentialAction":[{"@type":"ReadAction","target":["https:\/\/dibette.hu\/en\/product\/milk-chocolate\/"]}]},{"@type":"ImageObject","inLanguage":"en-US","@id":"https:\/\/dibette.hu\/en\/product\/milk-chocolate\/#primaryimage","url":"https:\/\/dibette.hu\/wp-content\/uploads\/2023\/11\/Di-Dibette_tejcsokolade_fruktozzal_80g.png","contentUrl":"https:\/\/dibette.hu\/wp-content\/uploads\/2023\/11\/Di-Dibette_tejcsokolade_fruktozzal_80g.png","width":600,"height":600,"caption":"Dibette tejcsokol\u00e1d\u00e9 frukt\u00f3zzal"},{"@type":"BreadcrumbList","@id":"https:\/\/dibette.hu\/en\/product\/milk-chocolate\/#breadcrumb","itemListElement":[{"@type":"ListItem","position":1,"name":"Kezd\u0151lap","item":"https:\/\/dibette.hu\/en\/homepage\/"},{"@type":"ListItem","position":2,"name":"Products","item":"https:\/\/dibette.hu\/en\/shop\/"},{"@type":"ListItem","position":3,"name":"Milk chocolate"}]},{"@type":"WebSite","@id":"https:\/\/dibette.hu\/en\/#website","url":"https:\/\/dibette.hu\/en\/","name":"Dibette","description":"Mindenf\u00e9le mentess\u00e9gek","publisher":{"@id":"https:\/\/dibette.hu\/en\/#organization"},"potentialAction":[{"@type":"SearchAction","target":{"@type":"EntryPoint","urlTemplate":"https:\/\/dibette.hu\/en\/?s={search_term_string}"},"query-input":{"@type":"PropertyValueSpecification","valueRequired":true,"valueName":"search_term_string"}}],"inLanguage":"en-US"},{"@type":"Organization","@id":"https:\/\/dibette.hu\/en\/#organization","name":"Dibette","url":"https:\/\/dibette.hu\/en\/","logo":{"@type":"ImageObject","inLanguage":"en-US","@id":"https:\/\/dibette.hu\/en\/#\/schema\/logo\/image\/","url":"https:\/\/dibette.hu\/wp-content\/uploads\/2023\/08\/logo-dibette-SVG.svg","contentUrl":"https:\/\/dibette.hu\/wp-content\/uploads\/2023\/08\/logo-dibette-SVG.svg","caption":"Dibette"},"image":{"@id":"https:\/\/dibette.hu\/en\/#\/schema\/logo\/image\/"}}]},"product_price_currency":"USD","og_availability":"instock","product_availability":"instock","product_retailer_item_id":"ka1122240220011","product_condition":"new"},"_links":{"self":[{"href":"https:\/\/dibette.hu\/en\/wp-json\/wp\/v2\/product\/3837","targetHints":{"allow":["GET"]}}],"collection":[{"href":"https:\/\/dibette.hu\/en\/wp-json\/wp\/v2\/product"}],"about":[{"href":"https:\/\/dibette.hu\/en\/wp-json\/wp\/v2\/types\/product"}],"replies":[{"embeddable":true,"href":"https:\/\/dibette.hu\/en\/wp-json\/wp\/v2\/comments?post=3837"}],"wp:featuredmedia":[{"embeddable":true,"href":"https:\/\/dibette.hu\/en\/wp-json\/wp\/v2\/media\/3680"}],"wp:attachment":[{"href":"https:\/\/dibette.hu\/en\/wp-json\/wp\/v2\/media?parent=3837"}],"wp:term":[{"taxonomy":"product_brand","embeddable":true,"href":"https:\/\/dibette.hu\/en\/wp-json\/wp\/v2\/product_brand?post=3837"},{"taxonomy":"product_cat","embeddable":true,"href":"https:\/\/dibette.hu\/en\/wp-json\/wp\/v2\/product_cat?post=3837"},{"taxonomy":"product_tag","embeddable":true,"href":"https:\/\/dibette.hu\/en\/wp-json\/wp\/v2\/product_tag?post=3837"}],"curies":[{"name":"wp","href":"https:\/\/api.w.org\/{rel}","templated":true}]}}