{"id":3830,"date":"2025-09-11T10:55:05","date_gmt":"2025-09-11T08:55:05","guid":{"rendered":"https:\/\/dibette.hu\/termek\/cappuccino-cream-filled-dark-chocolate\/"},"modified":"2026-03-31T17:27:11","modified_gmt":"2026-03-31T15:27:11","slug":"cappuccino-cream-filled-dark-chocolate","status":"publish","type":"product","link":"https:\/\/dibette.hu\/en\/product\/cappuccino-cream-filled-dark-chocolate\/","title":{"rendered":"Cappuccino cream-filled dark chocolate"},"content":{"rendered":"<p>The Dibette cappuccino cream-filled chocolate is a special confection that provides a delightful taste experience. It is a chocolate bar filled with a delicious cappuccino cream and sweetened with fructose. The perfect blend of chocolate and velvety cappuccino cream creates a mesmerizing flavor. Crafted from premium cocoa mass and cocoa butter, the chocolate provides a foundation of excellent taste and texture. Fructose, as a natural sweetener, offers an opportunity for those who want to enjoy sweets in a health-conscious way. This 80g chocolate bar is perfect for self-indulgence or makes an excellent gift for your loved ones. Unwrap the package and savor the delightful experience of Dibette cappuccino cream-filled chocolate, which offers unforgettable moments.<\/p>\n","protected":false},"excerpt":{"rendered":"<p>Dibette filled dark chocolate with cappuccino cream, with fructose 80g<\/p>\n","protected":false},"featured_media":3576,"comment_status":"closed","ping_status":"closed","template":"","meta":{"_acf_changed":false},"product_brand":[],"product_cat":[136],"product_tag":[371,401,377,415,381],"class_list":{"0":"post-3830","1":"product","2":"type-product","3":"status-publish","4":"has-post-thumbnail","6":"product_cat-chocolate","7":"product_tag-cappuccino-flavored","8":"product_tag-daily","9":"product_tag-dark-chocolate","10":"product_tag-filled","11":"product_tag-with-fructose","13":"first","14":"instock","15":"product-type-simple"},"acf":[],"yoast_head":"<!-- This site is optimized with the Yoast SEO Premium plugin v27.3 (Yoast SEO v27.3) - https:\/\/yoast.com\/product\/yoast-seo-premium-wordpress\/ -->\n<title>Dibette Cappuccino Dark Chocolate Covered with Cream with Fructose<\/title>\n<meta name=\"description\" content=\"Taste the delightful Dibette cappuccino cream-filled chocolate sweetened with fructose(80g). Experience the perfect harmony of chocolate and cappuccino cream!\" \/>\n<meta name=\"robots\" content=\"index, follow, max-snippet:-1, max-image-preview:large, max-video-preview:-1\" \/>\n<link rel=\"canonical\" href=\"https:\/\/dibette.hu\/en\/product\/cappuccino-cream-filled-dark-chocolate\/\" \/>\n<meta property=\"og:locale\" content=\"en_US\" \/>\n<meta property=\"og:type\" content=\"article\" \/>\n<meta property=\"og:title\" content=\"Cappuccino cream-filled dark chocolate\" \/>\n<meta property=\"og:description\" content=\"Taste the delightful Dibette cappuccino cream-filled chocolate sweetened with fructose(80g). Experience the perfect harmony of chocolate and cappuccino cream!\" \/>\n<meta property=\"og:url\" content=\"https:\/\/dibette.hu\/en\/product\/cappuccino-cream-filled-dark-chocolate\/\" \/>\n<meta property=\"og:site_name\" content=\"Dibette\" \/>\n<meta property=\"article:modified_time\" content=\"2026-03-31T15:27:11+00:00\" \/>\n<meta property=\"og:image\" content=\"https:\/\/dibette.hu\/wp-content\/uploads\/2023\/11\/Di-Dibette_capuccino_kremmel_oltott_etcsokolade_fruktozzal_80g.png\" \/>\n\t<meta property=\"og:image:width\" content=\"600\" \/>\n\t<meta property=\"og:image:height\" content=\"600\" \/>\n\t<meta property=\"og:image:type\" content=\"image\/png\" \/>\n<meta name=\"twitter:card\" content=\"summary_large_image\" \/>\n<meta name=\"twitter:label1\" content=\"Price\" \/>\n\t<meta name=\"twitter:data1\" content=\"\" \/>\n\t<meta name=\"twitter:label2\" content=\"Availability\" \/>\n\t<meta name=\"twitter:data2\" content=\"In stock\" \/>\n<script type=\"application\/ld+json\" class=\"yoast-schema-graph\">{\"@context\":\"https:\\\/\\\/schema.org\",\"@graph\":[{\"@type\":\"WebPage\",\"@id\":\"https:\\\/\\\/dibette.hu\\\/en\\\/product\\\/cappuccino-cream-filled-dark-chocolate\\\/\",\"url\":\"https:\\\/\\\/dibette.hu\\\/en\\\/product\\\/cappuccino-cream-filled-dark-chocolate\\\/\",\"name\":\"Dibette Cappuccino Dark Chocolate Covered with Cream with Fructose\",\"isPartOf\":{\"@id\":\"https:\\\/\\\/dibette.hu\\\/en\\\/#website\"},\"primaryImageOfPage\":{\"@id\":\"https:\\\/\\\/dibette.hu\\\/en\\\/product\\\/cappuccino-cream-filled-dark-chocolate\\\/#primaryimage\"},\"image\":{\"@id\":\"https:\\\/\\\/dibette.hu\\\/en\\\/product\\\/cappuccino-cream-filled-dark-chocolate\\\/#primaryimage\"},\"thumbnailUrl\":\"https:\\\/\\\/dibette.hu\\\/wp-content\\\/uploads\\\/2023\\\/11\\\/Di-Dibette_capuccino_kremmel_oltott_etcsokolade_fruktozzal_80g.png\",\"datePublished\":\"2025-09-11T08:55:05+00:00\",\"dateModified\":\"2026-03-31T15:27:11+00:00\",\"description\":\"Taste the delightful Dibette cappuccino cream-filled chocolate sweetened with fructose(80g). Experience the perfect harmony of chocolate and cappuccino cream!\",\"breadcrumb\":{\"@id\":\"https:\\\/\\\/dibette.hu\\\/en\\\/product\\\/cappuccino-cream-filled-dark-chocolate\\\/#breadcrumb\"},\"inLanguage\":\"en-US\",\"potentialAction\":[{\"@type\":\"ReadAction\",\"target\":[\"https:\\\/\\\/dibette.hu\\\/en\\\/product\\\/cappuccino-cream-filled-dark-chocolate\\\/\"]}]},{\"@type\":\"ImageObject\",\"inLanguage\":\"en-US\",\"@id\":\"https:\\\/\\\/dibette.hu\\\/en\\\/product\\\/cappuccino-cream-filled-dark-chocolate\\\/#primaryimage\",\"url\":\"https:\\\/\\\/dibette.hu\\\/wp-content\\\/uploads\\\/2023\\\/11\\\/Di-Dibette_capuccino_kremmel_oltott_etcsokolade_fruktozzal_80g.png\",\"contentUrl\":\"https:\\\/\\\/dibette.hu\\\/wp-content\\\/uploads\\\/2023\\\/11\\\/Di-Dibette_capuccino_kremmel_oltott_etcsokolade_fruktozzal_80g.png\",\"width\":600,\"height\":600,\"caption\":\"Dibette cappuccino kr\u00e9mmel t\u00f6lt\u00f6tt \u00e9tcsokol\u00e1d\u00e9 frukt\u00f3zzal\"},{\"@type\":\"BreadcrumbList\",\"@id\":\"https:\\\/\\\/dibette.hu\\\/en\\\/product\\\/cappuccino-cream-filled-dark-chocolate\\\/#breadcrumb\",\"itemListElement\":[{\"@type\":\"ListItem\",\"position\":1,\"name\":\"Kezd\u0151lap\",\"item\":\"https:\\\/\\\/dibette.hu\\\/en\\\/homepage\\\/\"},{\"@type\":\"ListItem\",\"position\":2,\"name\":\"Products\",\"item\":\"https:\\\/\\\/dibette.hu\\\/en\\\/shop\\\/\"},{\"@type\":\"ListItem\",\"position\":3,\"name\":\"Cappuccino cream-filled dark chocolate\"}]},{\"@type\":\"WebSite\",\"@id\":\"https:\\\/\\\/dibette.hu\\\/en\\\/#website\",\"url\":\"https:\\\/\\\/dibette.hu\\\/en\\\/\",\"name\":\"Dibette\",\"description\":\"Mindenf\u00e9le mentess\u00e9gek\",\"publisher\":{\"@id\":\"https:\\\/\\\/dibette.hu\\\/en\\\/#organization\"},\"potentialAction\":[{\"@type\":\"SearchAction\",\"target\":{\"@type\":\"EntryPoint\",\"urlTemplate\":\"https:\\\/\\\/dibette.hu\\\/en\\\/?s={search_term_string}\"},\"query-input\":{\"@type\":\"PropertyValueSpecification\",\"valueRequired\":true,\"valueName\":\"search_term_string\"}}],\"inLanguage\":\"en-US\"},{\"@type\":\"Organization\",\"@id\":\"https:\\\/\\\/dibette.hu\\\/en\\\/#organization\",\"name\":\"Dibette\",\"url\":\"https:\\\/\\\/dibette.hu\\\/en\\\/\",\"logo\":{\"@type\":\"ImageObject\",\"inLanguage\":\"en-US\",\"@id\":\"https:\\\/\\\/dibette.hu\\\/en\\\/#\\\/schema\\\/logo\\\/image\\\/\",\"url\":\"https:\\\/\\\/dibette.hu\\\/wp-content\\\/uploads\\\/2023\\\/08\\\/logo-dibette-SVG.svg\",\"contentUrl\":\"https:\\\/\\\/dibette.hu\\\/wp-content\\\/uploads\\\/2023\\\/08\\\/logo-dibette-SVG.svg\",\"caption\":\"Dibette\"},\"image\":{\"@id\":\"https:\\\/\\\/dibette.hu\\\/en\\\/#\\\/schema\\\/logo\\\/image\\\/\"}}]}<\/script>\n<meta property=\"product:price:currency\" content=\"USD\" \/>\n<meta property=\"og:availability\" content=\"instock\" \/>\n<meta property=\"product:availability\" content=\"instock\" \/>\n<meta property=\"product:retailer_item_id\" content=\"ka1122240113411\" \/>\n<meta property=\"product:condition\" content=\"new\" \/>\n<!-- \/ Yoast SEO Premium plugin. -->","yoast_head_json":{"title":"Dibette Cappuccino Dark Chocolate Covered with Cream with Fructose","description":"Taste the delightful Dibette cappuccino cream-filled chocolate sweetened with fructose(80g). Experience the perfect harmony of chocolate and cappuccino cream!","robots":{"index":"index","follow":"follow","max-snippet":"max-snippet:-1","max-image-preview":"max-image-preview:large","max-video-preview":"max-video-preview:-1"},"canonical":"https:\/\/dibette.hu\/en\/product\/cappuccino-cream-filled-dark-chocolate\/","og_locale":"en_US","og_type":"article","og_title":"Cappuccino cream-filled dark chocolate","og_description":"Taste the delightful Dibette cappuccino cream-filled chocolate sweetened with fructose(80g). Experience the perfect harmony of chocolate and cappuccino cream!","og_url":"https:\/\/dibette.hu\/en\/product\/cappuccino-cream-filled-dark-chocolate\/","og_site_name":"Dibette","article_modified_time":"2026-03-31T15:27:11+00:00","og_image":[{"width":600,"height":600,"url":"https:\/\/dibette.hu\/wp-content\/uploads\/2023\/11\/Di-Dibette_capuccino_kremmel_oltott_etcsokolade_fruktozzal_80g.png","type":"image\/png"}],"twitter_card":"summary_large_image","twitter_misc":{"Price":"","Availability":"In stock"},"schema":{"@context":"https:\/\/schema.org","@graph":[{"@type":"WebPage","@id":"https:\/\/dibette.hu\/en\/product\/cappuccino-cream-filled-dark-chocolate\/","url":"https:\/\/dibette.hu\/en\/product\/cappuccino-cream-filled-dark-chocolate\/","name":"Dibette Cappuccino Dark Chocolate Covered with Cream with Fructose","isPartOf":{"@id":"https:\/\/dibette.hu\/en\/#website"},"primaryImageOfPage":{"@id":"https:\/\/dibette.hu\/en\/product\/cappuccino-cream-filled-dark-chocolate\/#primaryimage"},"image":{"@id":"https:\/\/dibette.hu\/en\/product\/cappuccino-cream-filled-dark-chocolate\/#primaryimage"},"thumbnailUrl":"https:\/\/dibette.hu\/wp-content\/uploads\/2023\/11\/Di-Dibette_capuccino_kremmel_oltott_etcsokolade_fruktozzal_80g.png","datePublished":"2025-09-11T08:55:05+00:00","dateModified":"2026-03-31T15:27:11+00:00","description":"Taste the delightful Dibette cappuccino cream-filled chocolate sweetened with fructose(80g). Experience the perfect harmony of chocolate and cappuccino cream!","breadcrumb":{"@id":"https:\/\/dibette.hu\/en\/product\/cappuccino-cream-filled-dark-chocolate\/#breadcrumb"},"inLanguage":"en-US","potentialAction":[{"@type":"ReadAction","target":["https:\/\/dibette.hu\/en\/product\/cappuccino-cream-filled-dark-chocolate\/"]}]},{"@type":"ImageObject","inLanguage":"en-US","@id":"https:\/\/dibette.hu\/en\/product\/cappuccino-cream-filled-dark-chocolate\/#primaryimage","url":"https:\/\/dibette.hu\/wp-content\/uploads\/2023\/11\/Di-Dibette_capuccino_kremmel_oltott_etcsokolade_fruktozzal_80g.png","contentUrl":"https:\/\/dibette.hu\/wp-content\/uploads\/2023\/11\/Di-Dibette_capuccino_kremmel_oltott_etcsokolade_fruktozzal_80g.png","width":600,"height":600,"caption":"Dibette cappuccino kr\u00e9mmel t\u00f6lt\u00f6tt \u00e9tcsokol\u00e1d\u00e9 frukt\u00f3zzal"},{"@type":"BreadcrumbList","@id":"https:\/\/dibette.hu\/en\/product\/cappuccino-cream-filled-dark-chocolate\/#breadcrumb","itemListElement":[{"@type":"ListItem","position":1,"name":"Kezd\u0151lap","item":"https:\/\/dibette.hu\/en\/homepage\/"},{"@type":"ListItem","position":2,"name":"Products","item":"https:\/\/dibette.hu\/en\/shop\/"},{"@type":"ListItem","position":3,"name":"Cappuccino cream-filled dark chocolate"}]},{"@type":"WebSite","@id":"https:\/\/dibette.hu\/en\/#website","url":"https:\/\/dibette.hu\/en\/","name":"Dibette","description":"Mindenf\u00e9le mentess\u00e9gek","publisher":{"@id":"https:\/\/dibette.hu\/en\/#organization"},"potentialAction":[{"@type":"SearchAction","target":{"@type":"EntryPoint","urlTemplate":"https:\/\/dibette.hu\/en\/?s={search_term_string}"},"query-input":{"@type":"PropertyValueSpecification","valueRequired":true,"valueName":"search_term_string"}}],"inLanguage":"en-US"},{"@type":"Organization","@id":"https:\/\/dibette.hu\/en\/#organization","name":"Dibette","url":"https:\/\/dibette.hu\/en\/","logo":{"@type":"ImageObject","inLanguage":"en-US","@id":"https:\/\/dibette.hu\/en\/#\/schema\/logo\/image\/","url":"https:\/\/dibette.hu\/wp-content\/uploads\/2023\/08\/logo-dibette-SVG.svg","contentUrl":"https:\/\/dibette.hu\/wp-content\/uploads\/2023\/08\/logo-dibette-SVG.svg","caption":"Dibette"},"image":{"@id":"https:\/\/dibette.hu\/en\/#\/schema\/logo\/image\/"}}]},"product_price_currency":"USD","og_availability":"instock","product_availability":"instock","product_retailer_item_id":"ka1122240113411","product_condition":"new"},"_links":{"self":[{"href":"https:\/\/dibette.hu\/en\/wp-json\/wp\/v2\/product\/3830","targetHints":{"allow":["GET"]}}],"collection":[{"href":"https:\/\/dibette.hu\/en\/wp-json\/wp\/v2\/product"}],"about":[{"href":"https:\/\/dibette.hu\/en\/wp-json\/wp\/v2\/types\/product"}],"replies":[{"embeddable":true,"href":"https:\/\/dibette.hu\/en\/wp-json\/wp\/v2\/comments?post=3830"}],"wp:featuredmedia":[{"embeddable":true,"href":"https:\/\/dibette.hu\/en\/wp-json\/wp\/v2\/media\/3576"}],"wp:attachment":[{"href":"https:\/\/dibette.hu\/en\/wp-json\/wp\/v2\/media?parent=3830"}],"wp:term":[{"taxonomy":"product_brand","embeddable":true,"href":"https:\/\/dibette.hu\/en\/wp-json\/wp\/v2\/product_brand?post=3830"},{"taxonomy":"product_cat","embeddable":true,"href":"https:\/\/dibette.hu\/en\/wp-json\/wp\/v2\/product_cat?post=3830"},{"taxonomy":"product_tag","embeddable":true,"href":"https:\/\/dibette.hu\/en\/wp-json\/wp\/v2\/product_tag?post=3830"}],"curies":[{"name":"wp","href":"https:\/\/api.w.org\/{rel}","templated":true}]}}